{"id":6447,"date":"2014-07-30T09:59:59","date_gmt":"2014-07-30T09:59:59","guid":{"rendered":"https:\/\/www.zorpack.com\/index.php\/politica-de-cookies\/"},"modified":"2021-10-22T15:21:55","modified_gmt":"2021-10-22T13:21:55","slug":"cookies-policy","status":"publish","type":"page","link":"https:\/\/www.zorpack.com\/index.php\/cookies-policy\/?lang=en","title":{"rendered":"Cookies policy"},"content":{"rendered":"<p>La reciente modificaci\u00f3n normativa en materia de publicidad y gesti\u00f3n del consentimiento para la utilizaci\u00f3n de cookies, p\u00edxeles u otros elementos de almacenamiento de informaci\u00f3n conlleva la obligaci\u00f3n de los sitios web a adaptarse a la nueva normativa sobre cookies de la Ley 34\/2002, de servicios de la sociedad de la informaci\u00f3n y comercio electr\u00f3nico.<\/p>\n<p>La descarga de este tipo de elementos, suponen la capacidad para recopilar informaci\u00f3n de la actividad del usuario y tiene implicaciones en relaci\u00f3n con su privacidad. Por ello, la nueva normativa impone la obligaci\u00f3n de obtener el consentimiento informado de los usuarios para aceptar la utilizaci\u00f3n de cookies en los sitios web.<\/p>\n<h4>\u00bfQu\u00e9 es una cookie?<\/h4>\n<p>Las cookies son peque\u00f1o ficheros que se descargan en su ordenador cuando navega por sitios web.Las cookies permiten a un sitio web reconocer el navegador de un usuario y no contienen ni recopilan informaci\u00f3n. Se usan, por ejemplo, para mantener un usuario autenticado en una cuenta sin que sea necesario que se autentique cada vez que acceda a su cuenta. Otro ejemplo es la publicidad donde basado en anuncios que haya visitado el usuario previamente, se le intentan ofrecer anuncios m\u00e1s relevantes.<\/p>\n<h4>\u00bfCookies existentes?<\/h4>\n<p>I. Cookies propias: Son aqu\u00e9llas que se env\u00edan al equipo terminal del Usuario desde un equipo o dominio gestionado por el propio editor y desde el que se presta el servicio solicitado por el Usuario.<\/p>\n<p>II. Cookies de terceros: Son aqu\u00e9llas que se env\u00edan al equipo terminal del Usuario desde un equipo o dominio que no es gestionado por el editor, sino por otra entidad que trata los datos obtenidos trav\u00e9s de las cookies (por ejemplo, al pulsar botones de redes sociales o visionar v\u00eddeos alojados en otro sitio web).<\/p>\n<p>III. Cookies de sesi\u00f3n: Son un tipo de cookies dise\u00f1adas para recabar y almacenar datos mientras el Usuario accede a una p\u00e1gina web o a una aplicaci\u00f3n.<\/p>\n<p>IV. Cookies persistentes: Son un tipo de cookies en el que los datos siguen almacenados en el terminal y pueden ser accedidos y tratados durante un periodo definido por el responsable de la cookie, y que puede ir de unos minutos a varios a\u00f1os.<\/p>\n<p>V. Cookies de an\u00e1lisis: Son aqu\u00e9llas que bien tratadas por esta web o por terceros, permiten cuantificar el n\u00famero de Usuarios y as\u00ed realizar la medici\u00f3n y an\u00e1lisis estad\u00edstico de la utilizaci\u00f3n que hacen los Usuarios del servicio ofertado. Para ello se analiza su navegaci\u00f3n en nuestra p\u00e1gina web con el fin de mejorar la oferta de productos o servicios que le ofrecemos.<\/p>\n<p>VI. Cookies publicitarias: Son aqu\u00e9llas que permiten la gesti\u00f3n, de la forma m\u00e1s eficaz posible, de los espacios publicitarios que, en su caso, el editor haya incluido en una p\u00e1gina web, aplicaci\u00f3n o plataforma desde la que presta el servicio solicitado en base a criterios como el contenido editado o la frecuencia en la que se muestran los anuncios.<\/p>\n<p>VII. Cookies de publicidad comportamental: Son aqu\u00e9llas que permiten la gesti\u00f3n, de la forma m\u00e1s eficaz posible, de los espacios publicitarios que, en su caso, el editor haya incluido en una p\u00e1gina web, aplicaci\u00f3n o plataforma desde la que presta el servicio solicitado. Estas cookies almacenan informaci\u00f3n del comportamiento de los Usuarios obtenida a trav\u00e9s de la observaci\u00f3n continuada de sus h\u00e1bitos de navegaci\u00f3n, lo que permite desarrollar un perfil espec\u00edfico para mostrar publicidad en funci\u00f3n del mismo.<\/p>\n<h4>Cookies utilizadas en este sitio web<\/h4>\n<p>Siguiendo las directrices de la Agencia Espa\u00f1ola de Protecci\u00f3n de Datos procedemos a detallar el uso de cookies que hace esta web con el fin de informarle con la m\u00e1xima exactitud posible.<\/p>\n<p>Este sitio web utiliza las siguientes cookies propias:<\/p>\n<p>Cookies de sesi\u00f3n, para garantizar que los usuarios que escriban comentarios en el blog sean humanos y no aplicaciones automatizadas. De esta forma se combate el spam.<\/p>\n<p>Este sitio web utiliza las siguientes cookies de terceros:<\/p>\n<p>Google Analytics: Almacena cookies para poder elaborar estad\u00edsticas sobre el tr\u00e1fico y volumen de visitas de esta web. Al utilizar este sitio web est\u00e1 consintiendo el tratamiento de informaci\u00f3n acerca de usted por Google. Por tanto, el ejercicio de cualquier derecho en este sentido deber\u00e1 hacerlo comunicando directamente con Google.<br \/>\nRedes sociales: Cada red social utiliza sus propias cookies para que usted pueda pinchar en botones del tipo Me gusta o Compartir.<\/p>\n<p>Tabla con las cookies que se usan en esta web:<\/p>\n<table class=\"width200 tabla cookies\">\n<thead>\n<tr>\n<th>Titularidad<\/th>\n<th>Cookie<\/th>\n<th>Expiracion<\/th>\n<th>Finalidad<\/th>\n<\/tr>\n<\/thead>\n<tbody>\n<tr>\n<td rowspan=\"5\">WordPress<\/td>\n<td>wordpress_sec_[hash]<\/td>\n<td><strong>Se borra al finalizar la sesi\u00f3n.<\/strong><\/td>\n<td>Esta cookie se activa durante el login y guarda los detalles de autentificaci\u00f3n. Su uso est\u00e1 limitado al \u00e1rea de administraci\u00f3n, \/wp-config\/<\/td>\n<\/tr>\n<tr>\n<td>wordpress_logged_in_[hash]<\/td>\n<td><strong>Se borra al finalizar la sesi\u00f3n.<\/strong><\/td>\n<td>Despu\u00e9s del login, WordPress activa la cookie wordpress_logged_in_[hash], que indica cuando se ha conectado y qui\u00e9n es, siendo usado para la interfaz de WordPress.<\/td>\n<\/tr>\n<tr>\n<td>wordpress_test_cookie<\/td>\n<td><strong>Se borra al finalizar la sesi\u00f3n.<\/strong><\/td>\n<td>Esta cookie se usa para que el gestor de contenidos WordPress compruebe si el navegador tiene las cookies activadas.<\/td>\n<\/tr>\n<tr>\n<td>wp-settings-[UID]<\/td>\n<td><strong>Tiene un per\u00edodo de caducidad de 1 a\u00f1o.<\/strong><\/td>\n<td>El UID es el ID de usuario de la tabla usuarios de la base de datos. Se utiliza para personalizar la vista de la interfaz de administraci\u00f3n, y posiblemente tambi\u00e9n la interfaz principal del sitio.<\/td>\n<\/tr>\n<tr>\n<td>wp-settings-{time}-[UID]<\/td>\n<td><strong>Tiene un per\u00edodo de caducidad de 1 a\u00f1o.<\/strong><\/td>\n<td>El n\u00famero al final es su ID de usuario individual de la tabla de base de datos de usuarios. Esto se utiliza para personalizar su vista de la interfaz de administraci\u00f3n, y posiblemente tambi\u00e9n la interfaz del sitio principal.<\/td>\n<\/tr>\n<tr>\n<td>Plugin cookies<\/td>\n<td>cmplz_choice<\/p>\n<p>cmplz_consent_status<\/p>\n<p>cmplz_functional<\/p>\n<p>cmplz_marketing<\/p>\n<p>cmplz_policy_id<\/p>\n<p>cmplz_preferences<\/p>\n<p>cmplz_statistics<\/p>\n<p>cmplz_statistics-anonymous<\/td>\n<td><strong>Tienen un per\u00edodo de caducidad de 1 a\u00f1o.<\/strong><\/td>\n<td>Es necesaria para el funcionamiento de la ley de cookies y almacena en el navegador si ha aceptado la pol\u00edtica de cookies de la web.<\/td>\n<\/tr>\n<tr>\n<td rowspan=\"11\">Google<\/td>\n<td>SSID<\/td>\n<td><strong>Tiene un per\u00edodo de caducidad de 2 a\u00f1os.<\/strong><\/td>\n<td rowspan=\"11\">Al crear o iniciar sesi\u00f3n en una cuenta de Google se almacenan las cookies PREF, NID, HSID, APISID, SID, SSID, SAPISID, GAPS, LSID, BEAT, ULS, en su ordenador con el fin de permanecer conectado a su cuenta de Google al visitar sus servicios de nuevo. Mientras permanezca con esta sesi\u00f3n activa y use complementos en otros sitios Web como el nuestro, Google har\u00e1 uso de estas cookies para mejorar su experiencia de uso.<br \/>\nEl bot\u00f3n Google +1 utilizado en nuestro Sitio Web est\u00e1 alojado en Google, su navegador env\u00eda informaci\u00f3n de las cookies que Google requiere si mantiene la sesi\u00f3n activa con su cuenta, estos datos son utilizados por Google con el fin de asociarlos a su cuenta.<br \/>\nEn nuestro Sitio Web usamos Google Maps para visualizar ubicaciones geogr\u00e1ficas. Su uso implica la remisi\u00f3n de las cookies; PREF, NID, SNID, khcookie, adem\u00e1s de las cookies que Google requiere si mantiene la sesi\u00f3n activa con su cuenta, gestionada enteramente por Google.<br \/>\nEn algunas p\u00e1ginas de nuestro Sitio Web tenemos v\u00eddeos incrustados de Youtube, es un servicio de Google. Su uso implica la remisi\u00f3n de las cookies; PREF, NID, LOGIN_INFO, ACTIVITY, dkv, USE_HITBOX, demographics, VISITOR_INFO1_LIVE, YSC, adem\u00e1s de las cookies que Google requiere si mantiene la sesi\u00f3n activa con su cuenta, con el prop\u00f3sito de visualizar los v\u00eddeos incrustados, estimar el ancho de banda y mostrar cuantas veces se ha reproducido.<br \/>\n\u00abHSID\u00bb que contienen registros encriptados y firmados de forma digital de la hora de inicio de sesi\u00f3n m\u00e1s reciente y del ID de cuenta de Google de un usuario. La combinaci\u00f3n de estas dos cookies nos permite bloquear muchos tipos de ataques como, por ejemplo, intentos de robo del contenido de los formularios que rellene en p\u00e1ginas web.<\/td>\n<\/tr>\n<tr>\n<td>SIDCC<\/td>\n<td><strong>Tiene un per\u00edodo de caducidad de 2 a\u00f1os.<\/strong><\/td>\n<\/tr>\n<tr>\n<td>SID<\/td>\n<td><strong>Tiene un per\u00edodo de caducidad de 2 a\u00f1os.<\/strong><\/td>\n<\/tr>\n<tr>\n<td>SAPISID<\/td>\n<td><strong>Tiene un per\u00edodo de caducidad de 2 a\u00f1os.<\/strong><\/td>\n<\/tr>\n<tr>\n<td>S<\/td>\n<td><strong>Se borra al finalizar la sesi\u00f3n.<\/strong><\/td>\n<\/tr>\n<tr>\n<td>OGPC<\/td>\n<td><strong>no sabemos<\/strong><\/td>\n<\/tr>\n<tr>\n<td>HSID<\/td>\n<td><strong>Tiene un per\u00edodo de caducidad de 2 a\u00f1os.<\/strong><\/td>\n<\/tr>\n<tr>\n<td>NID<\/td>\n<td><strong>Tiene un per\u00edodo de caducidad de 6 meses.<\/strong><\/td>\n<\/tr>\n<tr>\n<td>APISID<\/td>\n<td><strong>Tiene un per\u00edodo de caducidad de 2 a\u00f1os.<\/strong><\/td>\n<\/tr>\n<tr>\n<td>CONSENT<\/td>\n<td><strong>Tiene un per\u00edodo de caducidad de 20 a\u00f1os.<\/strong><\/td>\n<\/tr>\n<tr>\n<td>1P_JAR<\/td>\n<td><strong>Tiene un per\u00edodo de caducidad de 1 mes.<\/strong><\/td>\n<\/tr>\n<tr>\n<td rowspan=\"4\">Plugin wordfence<\/td>\n<td>wfvt-[hash-ID]<\/td>\n<td><strong>Tiene un per\u00edodo de caducidad de 30 minutos.<\/strong><\/td>\n<td>Es necesaria para el funcionamiento del plugin wordfence.<\/td>\n<\/tr>\n<tr>\n<td>wfvt-[hash]<\/td>\n<td><strong>Tiene un per\u00edodo de caducidad de 30 minutos.<\/strong><\/td>\n<td>Es necesaria para el funcionamiento del plugin wordfence.<\/td>\n<\/tr>\n<tr>\n<td>wfwaf-authcookie-{hash}<\/td>\n<td><strong>Tiene un per\u00edodo de caducidad de 1 d\u00eda.<\/strong><\/td>\n<td>Es necesaria para el funcionamiento del plugin wordfence.<\/td>\n<\/tr>\n<tr>\n<td>wordfence_verifiedHuman<\/td>\n<td><strong>Tiene un per\u00edodo de caducidad de 1 d\u00eda.<\/strong><\/td>\n<td>Identifica que el usuario no sea un bot y es necesaria para el funcionamiento del plugin wordfence.<\/td>\n<\/tr>\n<tr>\n<td rowspan=\"5\">Google Analytics<\/td>\n<td>__utma<\/td>\n<td><strong>Tiene un per\u00edodo de caducidad de 2 a\u00f1os.<\/strong><\/td>\n<td>Se usa para distinguir usuarios y sesiones. La cookie se crea cuando se ejecuta la biblioteca JavaScript y no hay ninguna cookie __utma. La cookie se actualiza cada vez que se env\u00edan datos a Google Analytics.<\/td>\n<\/tr>\n<tr>\n<td>__utmb<\/td>\n<td><strong>Tiene una duraci\u00f3n de 30 minutos.<\/strong><\/td>\n<td>Se usa para determinar nuevas sesiones o visitas. La cookie se crea cuando se ejecuta la biblioteca JavaScript y no hay ninguna cookie __utmb. La cookie se actualiza cada vez que se env\u00edan datos a Google Analytics.<\/td>\n<\/tr>\n<tr>\n<td>__utmc<\/td>\n<td><strong>Se borra al finalizar la sesi\u00f3n.<\/strong><\/td>\n<td>No se usa en ga.js. Se configura para interactuar con urchin.js. Anteriormente, esta cookie actuaba junto con la cookie __utmb para determinar si el usuario estaba en una nueva sesi\u00f3n o visita.<\/td>\n<\/tr>\n<tr>\n<td>__utmt<\/td>\n<td><strong>Tiene una duraci\u00f3n de 10 minutos.<\/strong><\/td>\n<td>Se usa para limitar el porcentaje de solicitudes.<\/td>\n<\/tr>\n<tr>\n<td>__utmz<\/td>\n<td><strong>Tiene una duraci\u00f3n de 6 meses.<\/strong><\/td>\n<td>Almacena la fuente de tr\u00e1fico o la campa\u00f1a que explica c\u00f3mo ha llegado el usuario al sitio. La cookie se crea cuando se ejecuta la biblioteca JavaScript y se actualiza cada vez que se env\u00edan datos a Google Analytics.<\/td>\n<\/tr>\n<tr>\n<td rowspan=\"2\">Pol\u00edtica privacidad WordPress<\/td>\n<td>gdpr[allowed_cookies]<\/td>\n<td><strong>Tiene un periodo de 1 a\u00f1o.<br \/>\n<\/strong><\/td>\n<td rowspan=\"2\">Utilizado por WordPress para comprobar y gestionar los permisos que los usuarios otorgan a la plataforma en las cuestiones relativas a la Pol\u00edtica de Privacidad y de Cookies.<\/td>\n<\/tr>\n<tr>\n<td>gdpr[consent_types]<\/td>\n<td><strong>Tiene un per\u00edodo de caducidad de 1 a\u00f1o.<\/strong><\/td>\n<\/tr>\n<tr>\n<td rowspan=\"4\">Youtube<\/td>\n<td>LOGIN_INFO<\/td>\n<td><strong>Tienen un per\u00edodo de caducidad de 2 a\u00f1os.<\/strong><\/td>\n<td>Esta cookie se usa para poder almacenar la informaci\u00f3n del login.<\/td>\n<\/tr>\n<tr>\n<td>VISITOR_INFO1_LIVE<\/td>\n<td><strong>Tienen un per\u00edodo de caducidad de 1 a\u00f1o.<\/strong><\/td>\n<td>Realiza el seguimiento de las reproducciones de v\u00eddeos insertados en la web.<\/td>\n<\/tr>\n<tr>\n<td>PREF<\/td>\n<td><strong>Tienen un per\u00edodo de caducidad de 6 meses.<\/strong><\/td>\n<td>Almacena preferencias de usuario para v\u00eddeos de Youtube.<\/td>\n<\/tr>\n<tr>\n<td>YSC<\/td>\n<td><strong>Se borra al finalizar la sesi\u00f3n.<\/strong><\/td>\n<td>Mide las reproducciones de v\u00eddeos en la web y almacena las interacciones con los botones sociales.<\/td>\n<\/tr>\n<tr>\n<td>URL WP<\/td>\n<td>valid_login_slug<\/td>\n<td><strong>Se borra al finalizar la sesi\u00f3n.<\/strong><\/td>\n<td>Es necesaria para mantener una seguridad en nuestra web.<\/td>\n<\/tr>\n<tr>\n<td rowspan=\"2\">zorpack.com<\/td>\n<td>PHPSESSID<\/td>\n<td><strong>Se borra al finalizar la sesi\u00f3n.<\/strong><\/td>\n<td>Esta cookie es necesaria para el funcionamiento de la web.<\/td>\n<\/tr>\n<tr>\n<td>qtrans_cookie_test<\/td>\n<td><strong>Se borra al finalizar la sesi\u00f3n.<\/strong><\/td>\n<td>Esta cookie testea si las cookies est\u00e1n habilitadas para que se puedan almacenar las preferencias de idioma.<\/td>\n<\/tr>\n<tr>\n<td rowspan=\"7\">Twitter (Bot\u00f3n \u00abtwittear\u00bb)<\/td>\n<td>_ga<\/td>\n<td><strong>Tiene un per\u00edodo de caducidad de 2 a\u00f1os.<\/strong><\/td>\n<td rowspan=\"7\">Estas \u00abcookies\u00bb se utilizan para identificar a los usuarios en twitter o compartir contenido v\u00eda twitter. Si el usuario no tiene cuenta en twitter o nunca a accedido a twitter.com directamente, entonces twitter le asigna un identificador \u00fanico para monitorizar su visita al twitter feed. Para m\u00e1s informaci\u00f3n, puedes acceder al siguiente enlace: <a href=\"https:\/\/twitter.com\/privacy\" target=\"_blank\" rel=\"nofollow noopener noreferrer\"> Twitter.<\/a><\/td>\n<\/tr>\n<tr>\n<td>_twitter_sess<\/td>\n<td><strong>Se borra al finalizar la sesi\u00f3n.<\/strong><\/td>\n<\/tr>\n<tr>\n<td>eu_cn<\/td>\n<td><strong>Tiene un per\u00edodo de caducidad de 1 a\u00f1o.<\/strong><\/td>\n<\/tr>\n<tr>\n<td>guest_id<\/td>\n<td><strong>Tiene un per\u00edodo de caducidad de 2 a\u00f1os.<\/strong><\/td>\n<\/tr>\n<tr>\n<td>personalization_id<\/td>\n<td><strong>Tiene un per\u00edodo de caducidad de 1 a\u00f1o y 9 meses.<\/strong><\/td>\n<\/tr>\n<tr>\n<td>tfw_exp<\/td>\n<td><strong>Tiene un per\u00edodo de caducidad de 15 d\u00edas.<\/strong><\/td>\n<\/tr>\n<tr>\n<td>_gid<\/td>\n<td><strong>Tiene un per\u00edodo de caducidad de 1 d\u00eda.<\/strong><\/td>\n<\/tr>\n<tr>\n<td rowspan=\"5\">Facebook (Bot\u00f3n \u00abMe gusta\u00bb)<\/td>\n<td>datr<\/td>\n<td><strong>Tiene un per\u00edodo de caducidad de 1 a\u00f1o y 9 meses.<\/strong><\/td>\n<td rowspan=\"4\">Identificar al usuario con el servicio de Facebook, poder compartir el contenido y mostrarle personas relacionadas con el contenido.<\/td>\n<\/tr>\n<tr>\n<td>fr<\/td>\n<td><strong>Tiene un per\u00edodo de caducidad de 3 meses.<\/strong><\/td>\n<\/tr>\n<tr>\n<td>sb<\/td>\n<td><strong>Tiene un per\u00edodo de caducidad de 2 a\u00f1os.<\/strong><\/td>\n<\/tr>\n<tr>\n<td>wd<\/td>\n<td><strong>Tiene un per\u00edodo de caducidad de 8 d\u00edas.<\/strong><\/td>\n<\/tr>\n<tr>\n<td>locale<\/td>\n<td><strong>Tiene un per\u00edodo de caducidad de 3 d\u00edas.<\/strong><\/td>\n<td>Se usa para guardar la localizaci\u00f3n del usuario que ha hecho me gusta en alguna publicaci\u00f3n.<\/td>\n<\/tr>\n<\/tbody>\n<\/table>\n<p>M\u00e1s informaci\u00f3n:<\/p>\n<ul>\n<li><a href=\"https:\/\/www.google.es\/intl\/es\/policies\/technologies\/types\/\" target=\"_blank\" rel=\"nofollow noopener noreferrer\">https:\/\/www.google.es\/intl\/es\/policies\/technologies\/types\/<\/a><\/li>\n<li><a href=\"https:\/\/developers.google.com\/analytics\/devguides\/collection\/analyticsjs\/cookie-usage\" target=\"_blank\" rel=\"nofollow noopener noreferrer\">https:\/\/developers.google.com\/analytics\/devguides\/collection\/analyticsjs\/cookie-usage<\/a><\/li>\n<li><a href=\"http:\/\/www.google.es\/intl\/es\/policies\/\" target=\"_blank\" rel=\"nofollow noopener noreferrer\">http:\/\/www.google.es\/intl\/es\/policies\/<\/a><\/li>\n<\/ul>\n<p>El objetivo es recopilar estad\u00edsticas: el n\u00famero de visitas, el per\u00edodo de consultas, el buscador utilizado para acceder al sitio web, las palabras clave utilizadas, la ubicaci\u00f3n global del visitante, los contenidos visitados en el sitio web, as\u00ed como otros par\u00e1metros del tr\u00e1fico en el sitio web, siempre desde el anonimato.<\/p>\n<p>Google almacena esta informaci\u00f3n recogida por las cookies de manera que no se identifica a ning\u00fan usuario. Tampoco se asocia su direcci\u00f3n de IP con cualquier otra informaci\u00f3n de la que disponga. Adem\u00e1s, Google Inc es una empresa que se encuentra adherida al Acuerdo de Puerto Seguro. Dicho acuerdo garantiza que los datos transferidos ser\u00e1n tratados conforme a los niveles de protecci\u00f3n de la normativa europea. Para obtener m\u00e1s informaci\u00f3n acerca de Google Analytics puede dirigirse al siguiente enlace.<\/p>\n<p>A partir de la opci\u00f3n que tomes acerca del uso de cookies en este sitio web, se le enviar\u00e1 una cookie adicional para salvaguardar su elecci\u00f3n y que no tenga que aceptar el uso de cookies cada vez que acceda al sitio web zorpack.com<\/p>\n<h4>\u00bfC\u00f3mo desactivar las cookies?<\/h4>\n<p>Todos los navegadores permiten\u00a0 desactivar la configuraci\u00f3n de las cookies. Estos ajustes se encuentran ubicados en las \u201copciones\u201d o \u201cpreferencias\u201d del men\u00fa de su navegador.<br \/>\nA continuaci\u00f3n le dejo los enlaces con instrucciones para diferentes navegadores donde ver\u00e1 c\u00f3mo deshabilitar las cookies.<\/p>\n<p>No obstante, recuerde que inhabilitar cookies implica perder funcionalidad en muchos sitios web.<\/p>\n<ul>\n<li><strong>Chrome<\/strong>, desde <a href=\"http:\/\/support.google.com\/chrome\/bin\/answer.py?hl=es&amp;answer=95647\" target=\"_blank\" rel=\"nofollow noopener noreferrer\">http:\/\/support.google.com\/chrome\/bin\/answer.py?hl=es&amp;answer=95647<\/a><\/li>\n<li><strong>Explorer<\/strong>, desde <a href=\"http:\/\/windows.microsoft.com\/es-es\/windows7\/how-to-manage-cookies-in-internet-explorer-9\" target=\"_blank\" rel=\"nofollow noopener noreferrer\">http:\/\/windows.microsoft.com\/es-es\/windows7\/how-to-manage-cookies-in-internet-explorer-9<\/a><\/li>\n<li><strong>Firefox<\/strong>, desde <a href=\"http:\/\/support.mozilla.org\/es\/kb\/habilitar-y-deshabilitar-cookies-que-los-sitios-we\" target=\"_blank\" rel=\"nofollow noopener noreferrer\">http:\/\/support.mozilla.org\/es\/kb\/habilitar-y-deshabilitar-cookies-que-los-sitios-we<\/a><\/li>\n<li><strong>Safari<\/strong>, desde <a href=\"http:\/\/support.apple.com\/kb\/ph5042\" target=\"_blank\" rel=\"nofollow noopener noreferrer\">http:\/\/support.apple.com\/kb\/ph5042<\/a><\/li>\n<\/ul>\n<p>Si no desea ser rastreado por las cookies, Google ha desarrollado un complemento para instalar en su navegador al que puede acceder en el siguiente <a href=\"http:\/\/www.ghostery.com\/privacy-statement\" target=\"_blank\" rel=\"nofollow noopener noreferrer\">enlace<\/a>.<\/p>\n<h2>Notas adicionales<\/h2>\n<ul>\n<li>Ni esta web ni sus representantes legales se hacen responsables ni del contenido ni de la veracidad de las pol\u00edticas de privacidad que puedan tener los terceros mencionados en esta pol\u00edtica de <em>cookies<\/em>.<\/li>\n<li>Los navegadores web son las herramientas encargadas de almacenar las <em>cookies<\/em> y desde este lugar debe efectuar su derecho a eliminaci\u00f3n o desactivaci\u00f3n de las mismas. Ni esta web ni sus representantes legales pueden garantizar la correcta o incorrecta manipulaci\u00f3n de las <em>cookies<\/em> por parte de los mencionados navegadores.<\/li>\n<li>En algunos casos es necesario instalar <em>cookies<\/em> para que el navegador no olvide su decisi\u00f3n de no aceptaci\u00f3n de las mismas.<\/li>\n<li>En el caso de las <em>cookies<\/em> de Google Analytics, esta empresa almacena las <em>cookies<\/em> en servidores ubicados en Estados Unidos y se compromete a no compartirla con terceros, excepto en los casos en los que sea necesario para el funcionamiento del sistema o cuando la ley obligue a tal efecto. Seg\u00fan Google no guarda su direcci\u00f3n IP. Google Inc. es una compa\u00f1\u00eda adherida al Acuerdo de Puerto Seguro que garantiza que todos los datos transferidos ser\u00e1n tratados con un nivel de protecci\u00f3n acorde a la normativa europea. Puede consultar informaci\u00f3n detallada a este respecto <a href=\"http:\/\/safeharbor.export.gov\/companyinfo.aspx?id=16626\" target=\"_blank\" rel=\"nofollow noopener noreferrer\">en este enlace<\/a>. Si desea informaci\u00f3n sobre el uso que Google da a las cookies <a href=\"https:\/\/developers.google.com\/analytics\/devguides\/collection\/analyticsjs\/cookie-usage?hl=es&amp;csw=1\" target=\"_blank\" rel=\"nofollow noopener noreferrer\">le adjuntamos este otro enlace<\/a>.<\/li>\n<li>Para cualquier duda o consulta acerca de esta pol\u00edtica de <em>cookies<\/em> no dude en comunicarse con nosotros a trav\u00e9s de la secci\u00f3n de contacto.<\/li>\n<\/ul>\n<p>\u00a9 Zorpack \u2013\u00daltima actualizaci\u00f3n el 23 de octubre de 2021<\/p>\n","protected":false},"excerpt":{"rendered":"<p>La reciente modificaci\u00f3n normativa en materia de publicidad y gesti\u00f3n del consentimiento para la utilizaci\u00f3n de cookies, p\u00edxeles u otros elementos de almacenamiento de informaci\u00f3n conlleva la obligaci\u00f3n de los sitios web a adaptarse a la nueva normativa sobre cookies de la Ley 34\/2002, de servicios de la sociedad de la informaci\u00f3n y comercio electr\u00f3nico. &hellip;<\/p>\n<p class=\"read-more\"> <a class=\"\" href=\"https:\/\/www.zorpack.com\/index.php\/cookies-policy\/?lang=en\"> <span class=\"screen-reader-text\">Cookies policy<\/span> Leer m\u00e1s &raquo;<\/a><\/p>\n","protected":false},"author":4327,"featured_media":0,"parent":0,"menu_order":0,"comment_status":"closed","ping_status":"closed","template":"","meta":{"site-sidebar-layout":"default","site-content-layout":"default","ast-main-header-display":"","ast-hfb-above-header-display":"","ast-hfb-below-header-display":"","ast-hfb-mobile-header-display":"","site-post-title":"","ast-breadcrumbs-content":"","ast-featured-img":"","footer-sml-layout":"","theme-transparent-header-meta":"default","adv-header-id-meta":"","stick-header-meta":"","header-above-stick-meta":"","header-main-stick-meta":"","header-below-stick-meta":""},"_links":{"self":[{"href":"https:\/\/www.zorpack.com\/index.php\/wp-json\/wp\/v2\/pages\/6447"}],"collection":[{"href":"https:\/\/www.zorpack.com\/index.php\/wp-json\/wp\/v2\/pages"}],"about":[{"href":"https:\/\/www.zorpack.com\/index.php\/wp-json\/wp\/v2\/types\/page"}],"author":[{"embeddable":true,"href":"https:\/\/www.zorpack.com\/index.php\/wp-json\/wp\/v2\/users\/4327"}],"replies":[{"embeddable":true,"href":"https:\/\/www.zorpack.com\/index.php\/wp-json\/wp\/v2\/comments?post=6447"}],"version-history":[{"count":3,"href":"https:\/\/www.zorpack.com\/index.php\/wp-json\/wp\/v2\/pages\/6447\/revisions"}],"predecessor-version":[{"id":6473,"href":"https:\/\/www.zorpack.com\/index.php\/wp-json\/wp\/v2\/pages\/6447\/revisions\/6473"}],"wp:attachment":[{"href":"https:\/\/www.zorpack.com\/index.php\/wp-json\/wp\/v2\/media?parent=6447"}],"curies":[{"name":"wp","href":"https:\/\/api.w.org\/{rel}","templated":true}]}}