{"id":6444,"date":"2018-12-27T11:24:44","date_gmt":"2018-12-27T10:24:44","guid":{"rendered":"https:\/\/www.zorpack.com\/index.php\/politica-de-privacidad\/"},"modified":"2021-10-22T14:31:08","modified_gmt":"2021-10-22T12:31:08","slug":"politique-de-confidentialite","status":"publish","type":"page","link":"https:\/\/www.zorpack.com\/index.php\/politique-de-confidentialite\/?lang=fr","title":{"rendered":"Politique de confidentialit\u00e9"},"content":{"rendered":"<h3>1-\u00bfQui\u00e9n es el responsable del tratamiento de sus datos?<\/h3>\n<p>Responsable: ZORPACK S.L.<br \/>\nCif: B31129711<br \/>\nDatos de contacto: POLIGONO COMARCA II CALLE B N\u00ba20, 31191 ESQUIROZ<br \/>\nNAVARRA  (ESPA\u00d1A)<br \/>\nEmail: &#122;orp&#97;ck&#64;z&#111;&#114;pack.&#99;&#111;&#109;<br \/>\nDelegado de Protecci\u00f3n de Datos (DPD):CONSULTING &amp; STRATEGY GFM S.L.<br \/>\nEMAIL: dpo&#64;&#103;fmservi&#99;&#105;&#111;&#115;.c&#111;m<\/p>\n<h3>2-\u00bfCon qu\u00e9 finalidad tratamos sus datos personales?<\/h3>\n<p>En ZORPACK S.L., tratamos la informaci\u00f3n que nos facilitan las personas interesadas con el fin de:<br \/>\nReglamento General Protecci\u00f3n de Datos;<br \/>\nRGPD: 6.1.b) Tratamiento necesario para la ejecuci\u00f3n de un contrato en el que el interesado es parte o para la aplicaci\u00f3n a petici\u00f3n de \u00e9ste de medidas precontractuales.<br \/>\nRGPD: 6.1.c) Tratamiento necesario para el cumplimiento de una obligaci\u00f3n legal aplicable al responsable del tratamiento.<br \/>\nGesti\u00f3n administrativa, contable, fiscal, env\u00edo de comunicaciones relacionadas con la relaci\u00f3n mercantil con nuestro cliente y con la prestaci\u00f3n de los servicios suministrados, el env\u00edo de productos a trav\u00e9s de terceros. Atenci\u00f3n reclamaciones y devoluciones<\/p>\n<h3>3-\u00bfPor cu\u00e1nto tiempo conservaremos sus datos?<\/h3>\n<p>Se conservar\u00e1n durante el tiempo necesario para cumplir con la finalidad para la que se recabaron y para determinar las posibles responsabilidades que se pudieran derivar de dicha finalidad y del tratamiento de los datos incluidas el cumplimiento de las obligaciones legales, para las finalidades en las que requerimos su consentimiento expreso, se conservaran mientras el afectado no ejerza sus derecho de supresi\u00f3n o limitaci\u00f3n de la finalidad, por ejemplo el env\u00edo de comunicaciones comerciales.<\/p>\n<h3>4-\u00bfCu\u00e1l es la legitimaci\u00f3n para el tratamiento de sus datos?<\/h3>\n<p>Le indicamos la base legal para el tratamiento de sus datos:<br \/>\n\u2022\tEjecuci\u00f3n de un contrato: Gesti\u00f3n administrativa, contable, fiscal, env\u00edo de comunicaciones relacionadas con la relaci\u00f3n mercantil con nuestro cliente y con la prestaci\u00f3n de los servicios suministrados, el env\u00edo de productos a trav\u00e9s de terceros. Atenci\u00f3n reclamaciones y devoluciones<br \/>\n\u2022\tInter\u00e9s leg\u00edtimo del Responsable: todas aquellas finalidades descritas y relacionadas con el servicio prestado: compra, atenci\u00f3n al cliente, devoluci\u00f3n, cesi\u00f3n a terceros para el transporte y entrega, comunicaciones con el cliente en relaci\u00f3n al servicio, reclamaciones y quejas.<br \/>\n\u2022\tConsentimiento del interesado: finalidades en las que solicitamos el consentimiento del usuario y\/o cliente: env\u00edo de comunicaciones comerciales, cesi\u00f3n de datos a terceros para promociones comerciales<\/p>\n<h3>5-\u00bfA qu\u00e9 destinatarios se comunicar\u00e1n sus datos?<\/h3>\n<p>Los datos se comunicar\u00e1n a los siguientes destinatarios:<br \/>\n\u2022\tAdministraci\u00f3n p\u00fablica con competencia en la materia, con la finalidad de Cumplimiento de las obligaciones legales<br \/>\n\u2022\tOrganizaciones y empresas relacionadas con el responsable de tratamiento que permitan la prestaci\u00f3n del servicio.<br \/>\n\u2022\tEmpresas de comunicaci\u00f3n, con la finalidad del env\u00edo de comunicaciones comerciales sobre nuestros productos o servicios o promoci\u00f3n de terceros.<br \/>\n\u2022\tEmpresas de transporte.<\/p>\n<h3>6-Transferencias de datos a terceros pa\u00edses<\/h3>\n<p>No est\u00e1n previstas transferencias de datos a terceros pa\u00edses.<\/p>\n<h3>7-\u00bfCu\u00e1les son sus derechos cuando nos facilita sus datos?<\/h3>\n<p>Cualquier persona tiene derecho a obtener confirmaci\u00f3n sobre si en ZORPACK S.L. estamos tratando datos personales que les conciernan, o no.<br \/>\nLas personas interesadas tienen derecho a acceder a sus datos personales, as\u00ed como a solicitar la rectificaci\u00f3n de los datos inexactos o, en su caso, solicitar su supresi\u00f3n cuando, entre otros motivos, los datos ya no sean necesarios para los fines que fueron recogidos.<br \/>\nEn determinadas circunstancias, los interesados podr\u00e1n solicitar la limitaci\u00f3n del tratamiento de sus datos, en cuyo caso \u00fanicamente los conservaremos para el ejercicio o la defensa de reclamaciones.<br \/>\nEn determinadas circunstancias y por motivos relacionados con su situaci\u00f3n particular, los interesados podr\u00e1n oponerse al tratamiento de sus datos. En este caso, ZORPACK S.L. dejar\u00e1 de tratar los datos, salvo por motivos leg\u00edtimos imperiosos, o el ejercicio o la defensa de posibles reclamaciones.<br \/>\nPodr\u00e1 ejercitar materialmente sus derechos de la siguiente forma: enviando un correo electr\u00f3nico a la direcci\u00f3n de e-mail &#122;&#111;&#114;p&#97;&#99;k&#64;zo&#114;&#112;a&#99;k.&#99;&#111;&#109;<br \/>\nSi ha otorgado su consentimiento para alguna finalidad concreta, tiene derecho a retirar el consentimiento otorgado en cualquier momento, sin que ello afecte a la licitud del tratamiento basado en el consentimiento previo a su retirada.<br \/>\nEn caso de que sienta vulnerados sus derechos en lo concerniente a la protecci\u00f3n de sus datos personales, especialmente cuando no haya obtenido satisfacci\u00f3n en el ejercicio de sus derechos, puede presentar una reclamaci\u00f3n ante la Autoridad de Control en materia de Protecci\u00f3n de Datos competente a trav\u00e9s de su sitio web: www.agpd.es.<\/p>\n<h3>8-\u00bfC\u00f3mo hemos obtenido sus datos?<\/h3>\n<p>Los datos personales que tratamos en ZORPACK S.L. proceden del propio interesado<br \/>\nLas categor\u00edas de datos que se tratan son:<br \/>\n\u2022\tDatos identificativos<br \/>\n\u2022\tDirecciones postales y electr\u00f3nicas<br \/>\n\u2022\tDatos econ\u00f3micos<br \/>\nNo se tratan categor\u00edas especiales de datos personales (son aquellos datos que revelen el origen \u00e9tnico o racial, las opiniones pol\u00edticas, las convicciones religiosas o filos\u00f3ficas, o la afiliaci\u00f3n sindical, datos gen\u00e9ticos, datos biom\u00e9tricos dirigidos a identificar de manera un\u00edvoca a una persona f\u00edsica, datos relativos a la salud o datos relativos a la vida sexual o la orientaci\u00f3n sexual de una persona f\u00edsica).<br \/>\n\u00a9 Zorpack \u2013\u00daltima actualizaci\u00f3n el 31 de diciembre de 2018<\/p>\n","protected":false},"excerpt":{"rendered":"<p>1-\u00bfQui\u00e9n es el responsable del tratamiento de sus datos? Responsable: ZORPACK S.L. Cif: B31129711 Datos de contacto: POLIGONO COMARCA II CALLE B N\u00ba20, 31191 ESQUIROZ NAVARRA (ESPA\u00d1A) Email: &#122;or&#112;&#97;&#99;k&#64;zor&#112;ack&#46;&#99;o&#109; Delegado de Protecci\u00f3n de Datos (DPD):CONSULTING &amp; STRATEGY GFM S.L. EMAIL: &#100;po&#64;gf&#109;&#115;&#101;r&#118;icio&#115;.c&#111;&#109; 2-\u00bfCon qu\u00e9 finalidad tratamos sus datos personales? En ZORPACK S.L., tratamos la informaci\u00f3n que &hellip;<\/p>\n<p class=\"read-more\"> <a class=\"\" href=\"https:\/\/www.zorpack.com\/index.php\/politique-de-confidentialite\/?lang=fr\"> <span class=\"screen-reader-text\">Politique de confidentialit\u00e9<\/span> Leer m\u00e1s &raquo;<\/a><\/p>\n","protected":false},"author":4327,"featured_media":0,"parent":0,"menu_order":0,"comment_status":"closed","ping_status":"closed","template":"","meta":{"site-sidebar-layout":"default","site-content-layout":"default","ast-main-header-display":"","ast-hfb-above-header-display":"","ast-hfb-below-header-display":"","ast-hfb-mobile-header-display":"","site-post-title":"","ast-breadcrumbs-content":"","ast-featured-img":"","footer-sml-layout":"","theme-transparent-header-meta":"","adv-header-id-meta":"","stick-header-meta":"","header-above-stick-meta":"","header-main-stick-meta":"","header-below-stick-meta":""},"_links":{"self":[{"href":"https:\/\/www.zorpack.com\/index.php\/wp-json\/wp\/v2\/pages\/6444"}],"collection":[{"href":"https:\/\/www.zorpack.com\/index.php\/wp-json\/wp\/v2\/pages"}],"about":[{"href":"https:\/\/www.zorpack.com\/index.php\/wp-json\/wp\/v2\/types\/page"}],"author":[{"embeddable":true,"href":"https:\/\/www.zorpack.com\/index.php\/wp-json\/wp\/v2\/users\/4327"}],"replies":[{"embeddable":true,"href":"https:\/\/www.zorpack.com\/index.php\/wp-json\/wp\/v2\/comments?post=6444"}],"version-history":[{"count":0,"href":"https:\/\/www.zorpack.com\/index.php\/wp-json\/wp\/v2\/pages\/6444\/revisions"}],"wp:attachment":[{"href":"https:\/\/www.zorpack.com\/index.php\/wp-json\/wp\/v2\/media?parent=6444"}],"curies":[{"name":"wp","href":"https:\/\/api.w.org\/{rel}","templated":true}]}}