{"id":6439,"date":"2018-12-24T11:25:09","date_gmt":"2018-12-24T10:25:09","guid":{"rendered":"https:\/\/www.zorpack.com\/index.php\/aviso-legal\/"},"modified":"2021-10-22T14:27:57","modified_gmt":"2021-10-22T12:27:57","slug":"legal-warning","status":"publish","type":"page","link":"https:\/\/www.zorpack.com\/index.php\/legal-warning\/?lang=en","title":{"rendered":"Legal warning"},"content":{"rendered":"<h3>OBJETO<\/h3>\n<p>El presente aviso legal regula el uso y utilizaci\u00f3n del sitio web: www.zorpack.com, del que es titular ZORPACK S.L.<br \/>\nLa navegaci\u00f3n por el sitio web de ZORPACK S.L., le atribuye la condici\u00f3n de USUARIO del mismo y conlleva su aceptaci\u00f3n plena y sin reservas de todas y cada una de las condiciones publicadas en este aviso legal, advirtiendo de que dichas condiciones podr\u00e1n ser modificadas sin notificaci\u00f3n previa por parte de ZORPACK S.L., en cuyo caso se proceder\u00e1 a su publicaci\u00f3n y aviso con la m\u00e1xima antelaci\u00f3n posible.<br \/>\nPor ello es recomendable leer atentamente su contenido en caso de desear acceder y hacer uso de la informaci\u00f3n y de los servicios ofrecidos desde este sitio web.<br \/>\nEl usuario adem\u00e1s, se obliga a hacer un uso correcto del sitio web de conformidad con las leyes, la buena fe, el orden p\u00fablico, los usos del tr\u00e1fico y el presente Aviso Legal, y responder\u00e1 frente a ZORPACK S.L. o frente a terceros, de cualesquiera da\u00f1os y perjuicios que pudieran causarse como consecuencia del incumplimiento de dicha obligaci\u00f3n.<br \/>\nCualquier utilizaci\u00f3n distinta a la autorizada est\u00e1 expresamente prohibida, pudiendo ZORPACK S.L. denegar o retirar el acceso y su uso en cualquier momento.<\/p>\n<h3>IDENTIFICACI\u00d3N<\/h3>\n<p>ZORPACK S.L., en cumplimiento de la Ley 34\/2002, de 11 de julio, de Servicios de la Sociedad de la Informaci\u00f3n y de Comercio Electr\u00f3nico, le informa de que:<br \/>\nSu titular es: ZORPACK S.L.<br \/>\nSu NIF es: B31129711<br \/>\nTel\u00e9fono: 948 30 30 05<br \/>\nInscrita en el Registro Mercantil de Navarra: Tomo 38, Folio 22, Hoja NA-639.<br \/>\nSu domicilio profesional est\u00e1 situado en POLIGONO COMARCA II CALLE B N\u00ba20, 31191 ESQUIROZ NAVARRA (ESPA\u00d1A)<\/p>\n<h3>1- COMUNICACIONES<\/h3>\n<p>Para comunicarse con nosotros, ponemos a su disposici\u00f3n diferentes medios de contacto que detallamos a continuaci\u00f3n:<br \/>\nTfno.: 948 30 30 05<br \/>\nEmail: zo&#114;&#112;&#97;&#99;k&#64;z&#111;&#114;pack&#46;&#99;&#111;&#109;<br \/>\nDirecci\u00f3n postal: POLIGONO COMARCA II CALLE B N\u00ba20, 31191 ESQUIROZ NAVARRA (ESPA\u00d1A)<br \/>\nTodas las notificaciones y comunicaciones entre los usuarios y ZORPACK S.L. se considerar\u00e1n eficaces, a todos los efectos, cuando se realicen a trav\u00e9s de cualquier medio de los detallados anteriormente salvo el tel\u00e9fono.<\/p>\n<h3>2- CONDICIONES DE ACCESO Y UTILIZACI\u00d3N<\/h3>\n<p>El sitio web y sus servicios son de acceso libre y gratuito. No obstante, ZORPACK S.L. puede condicionar la utilizaci\u00f3n de algunos de los servicios ofrecidos en su web a la previa cumplimentaci\u00f3n del correspondiente formulario.<\/p>\n<p>El usuario garantiza la autenticidad y actualidad de todos aquellos datos que comunique a ZORPACK S.L. y ser\u00e1 el \u00fanico responsable de las manifestaciones falsas o inexactas que realice.<\/p>\n<p>El usuario se compromete expresamente a hacer un uso adecuado de los contenidos y servicios de ZORPACK S.L. y a no emplearlos para, entre otros:<\/p>\n<p>\u2022 Difundir contenidos delictivos, violentos, pornogr\u00e1ficos, racistas, xen\u00f3fobos, ofensivos, de apolog\u00eda del terrorismo o, en general, contrarios a la ley o al orden p\u00fablico.<br \/>\n\u2022 Introducir en la red virus inform\u00e1ticos o realizar actuaciones susceptibles de alterar, estropear, interrumpir o generar errores o da\u00f1os en los documentos electr\u00f3nicos, datos o sistemas f\u00edsicos y l\u00f3gicos de ZORPACK S.L. o de terceras personas; as\u00ed como obstaculizar el acceso de otros usuarios al sitio web y a sus servicios mediante el consumo masivo de los recursos inform\u00e1ticos a trav\u00e9s de los cuales ZORPACK S.L. presta sus servicios.<br \/>\n\u2022 Intentar acceder a las cuentas de correo electr\u00f3nico de otros usuarios o a \u00e1reas restringidas de los sistemas inform\u00e1ticos de ZORPACK S.L. o de terceros y, en su caso, extraer informaci\u00f3n.<br \/>\n\u2022 Vulnerar los derechos de propiedad intelectual o industrial, as\u00ed como violar la confidencialidad de la informaci\u00f3n de ZORPACK S.L. o de terceros.<br \/>\n\u2022 Suplantar la identidad de cualquier otro usuario.<br \/>\n\u2022 Reproducir, copiar, distribuir, poner a disposici\u00f3n de, o cualquier otra forma de comunicaci\u00f3n p\u00fablica, transformar o modificar los contenidos, a menos que se cuente con la autorizaci\u00f3n del titular de los correspondientes derechos o ello resulte legalmente permitido.<br \/>\n\u2022 Recabar datos con finalidad publicitaria y de remitir publicidad de cualquier clase y comunicaciones con fines de venta u otras de naturaleza comercial sin que medie su previa solicitud o consentimiento.<br \/>\nTodos los contenidos del sitio web, como textos, fotograf\u00edas, gr\u00e1ficos, im\u00e1genes, iconos, tecnolog\u00eda, software, as\u00ed como su dise\u00f1o gr\u00e1fico y c\u00f3digos fuente, constituyen una obra cuya propiedad pertenece a ZORPACK S.L., sin que puedan entenderse cedidos al usuario ninguno de los derechos de explotaci\u00f3n sobre los mismos m\u00e1s all\u00e1 de lo estrictamente necesario para el correcto uso de la web.<br \/>\nEn definitiva, los usuarios que accedan a este sitio web pueden visualizar los contenidos y efectuar, en su caso, copias privadas autorizadas siempre que los elementos reproducidos no sean cedidos posteriormente a terceros, ni se instalen a servidores conectados a redes, ni sean objeto de ning\u00fan tipo de explotaci\u00f3n.<br \/>\nAsimismo, todas las marcas, nombres comerciales o signos distintivos de cualquier clase que aparecen en el sitio web son propiedad de ZORPACK S.L., sin que pueda entenderse que el uso o acceso al mismo atribuya al usuario derecho alguno sobre los mismos.<br \/>\nLa distribuci\u00f3n, modificaci\u00f3n, cesi\u00f3n o comunicaci\u00f3n p\u00fablica de los contenidos y cualquier otro acto que no haya sido expresamente autorizado por el titular de los derechos de explotaci\u00f3n quedan prohibidos.<br \/>\nEl establecimiento de un hiperenlace no implica en ning\u00fan caso la existencia de relaciones entre ZORPACK S.L. y el propietario del sitio web en la que se establezca, ni la aceptaci\u00f3n y aprobaci\u00f3n por parte de ZORPACK S.L. de sus contenidos o servicios.<br \/>\nZORPACK S.L. no se responsabiliza del uso que cada usuario le d\u00e9 a los materiales puestos a disposici\u00f3n en este sitio web ni de las actuaciones que realice en base a los mismos.<\/p>\n<h3>3- EXCLUSI\u00d3N DE GARANT\u00cdAS Y DE RESPONSABILIDAD EN EL ACCESO Y LA UTILIZACI\u00d3N<\/h3>\n<p>El contenido del presente sitio web es de car\u00e1cter general y tiene una finalidad meramente informativa, sin que se garantice plenamente el acceso a todos los contenidos, ni su exhaustividad, correcci\u00f3n, vigencia o actualidad, ni su idoneidad o utilidad para un objetivo espec\u00edfico.<br \/>\nZORPACK S.L. excluye, hasta donde permite el ordenamiento jur\u00eddico, cualquier responsabilidad por los da\u00f1os y perjuicios de toda naturaleza derivados de:<br \/>\n\u2022 La imposibilidad de acceso al sitio web o la falta de veracidad, exactitud, exhaustividad y\/o actualidad de los contenidos, as\u00ed como la existencia de vicios y defectos de toda clase de los contenidos transmitidos, difundidos, almacenados, puestos a disposici\u00f3n, a los que se haya accedido a trav\u00e9s del sitio web o de los servicios que se ofrecen.<br \/>\n\u2022 La presencia de virus o de otros elementos en los contenidos que puedan producir alteraciones en los sistemas inform\u00e1ticos, documentos electr\u00f3nicos o datos de los usuarios.<br \/>\nEl incumplimiento de las leyes, la buena fe, el orden p\u00fablico, los usos del tr\u00e1fico y el presente aviso legal como consecuencia del uso incorrecto del sitio web. En particular, y a modo ejemplificativo, ZORPACK S.L. no se hace responsable de las actuaciones de terceros que vulneren derechos de propiedad intelectual e industrial, secretos empresariales, derechos al honor, a la intimidad personal y familiar y a la propia imagen, as\u00ed como la normativa en materia de competencia desleal y publicidad il\u00edcita.<br \/>\nAsimismo, ZORPACK S.L. declina cualquier responsabilidad respecto a la informaci\u00f3n que se halle fuera de esta web y no sea gestionada directamente por nuestro webmaster. La funci\u00f3n de los links que aparecen en esta web es exclusivamente la de informar al usuario sobre la existencia de otras fuentes susceptibles de ampliar los contenidos que ofrece este sitio web. ZORPACK S.L. no garantiza ni se responsabiliza del funcionamiento o accesibilidad de los sitios enlazados; ni sugiere, invita o recomienda la visita a los mismos, por lo que tampoco ser\u00e1 responsable del resultado obtenido. ZORPACK S.L. no se responsabiliza del establecimiento de hiperv\u00ednculos por parte de terceros.<\/p>\n<h3>4- PROCEDIMIENTO EN CASO DE REALIZACI\u00d3N DE ACTIVIDADES DE CAR\u00c1CTER IL\u00cdCITO<\/h3>\n<p>En el caso de que cualquier usuario o un tercero considere que existen hechos o circunstancias que revelen el car\u00e1cter il\u00edcito de la utilizaci\u00f3n de cualquier contenido y\/o de la realizaci\u00f3n de cualquier actividad en las p\u00e1ginas web incluidas o accesibles a trav\u00e9s del sitio web, deber\u00e1 enviar una notificaci\u00f3n a ZORPACK S.L. identific\u00e1ndose debidamente y especificando las supuestas infracciones.<\/p>\n<h3>5- PUBLICACIONES<\/h3>\n<p>La informaci\u00f3n administrativa facilitada a trav\u00e9s del sitio web no sustituye la publicidad legal de las leyes, normativas, planes, disposiciones generales y actos que tengan que ser publicados formalmente a los diarios oficiales de las administraciones p\u00fablicas, que constituyen el \u00fanico instrumento que da fe de su autenticidad y contenido. La informaci\u00f3n disponible en este sitio web debe entenderse como una gu\u00eda sin prop\u00f3sito de validez legal.<\/p>\n<h3>6- POL\u00cdTICA DE PRIVACIDAD<\/h3>\n<p>Cuando precisemos obtener informaci\u00f3n por su parte, siempre le solicitaremos que nos la proporcione voluntariamente de forma expresa. Los datos recabados a trav\u00e9s de los formularios de recogida de datos del sitio web u otras v\u00edas, ser\u00e1n incorporados a un tratamiento de datos de car\u00e1cter personal del cual es responsable ZORPACK S.L.<br \/>\nEsta entidad tratar\u00e1 los datos de forma confidencial y exclusivamente con la finalidad de ofrecer los servicios solicitados, con todas las garant\u00edas legales y de seguridad que impone el RGPD UE 2016\/679 y el Real Decreto 1720\/2007, de 21 de diciembre y la Ley 34\/2002, de 11 de julio, de Servicios de la Sociedad de la Informaci\u00f3n y de Comercio Electr\u00f3nico.<br \/>\nZORPACK S.L. no ceder\u00e1 ni compartir\u00e1 los datos con terceros sin su consentimiento expreso.<br \/>\nAsimismo, ZORPACK S.L., cancelar\u00e1 o rectificar\u00e1 los datos cuando resulten inexactos, incompletos o hayan dejado de ser necesarios o pertinentes para su finalidad, de conformidad con lo previsto en el RGPD UE 2016\/679, de Protecci\u00f3n de Datos de Car\u00e1cter Personal.<br \/>\nEl usuario podr\u00e1 revocar el consentimiento prestado y ejercer los derechos de acceso, rectificaci\u00f3n, supresi\u00f3n, limitaci\u00f3n, revocaci\u00f3n, oposici\u00f3n y portabilidad de sus datos dirigi\u00e9ndose a tal efecto al domicilio siguiente: ZORPACK S.L., POLIGONO COMARCA II CALLE B N\u00ba20, 31.191 ESQUIROZ NAVARRA (ESPA\u00d1A), identific\u00e1ndose debidamente e indicando de forma expresa el concreto derecho que se quiere ejercer.<br \/>\nZORPACK S.L. adopta los niveles de seguridad correspondientes requeridos en el RGPD UE 2016\/679 y dem\u00e1s normativa aplicable. No obstante, no puede garantizar la absoluta invulnerabilidad de los sistemas, por tanto, no asume ninguna responsabilidad por los da\u00f1os y perjuicios derivados de alteraciones que terceros puedan causar en los sistemas inform\u00e1ticos, documentos electr\u00f3nicos o ficheros del usuario.<br \/>\nSi opta por abandonar nuestro sitio web a trav\u00e9s de enlaces a sitios web no pertenecientes a nuestra entidad, ZORPACK S.L. no se har\u00e1 responsable de las pol\u00edticas de privacidad de dichos sitios web ni de las cookies que \u00e9stos puedan almacenar en el ordenador del usuario.<br \/>\nNuestra pol\u00edtica con respecto al correo electr\u00f3nico se centra en remitir \u00fanicamente comunicaciones que usted haya solicitado recibir.<br \/>\nSi prefiere no recibir estos mensajes por correo electr\u00f3nico le ofreceremos a trav\u00e9s de los mismos la posibilidad de ejercer su derecho de cancelaci\u00f3n y renuncia a la recepci\u00f3n de estos mensajes, en conformidad con lo dispuesto en el T\u00edtulo III, art\u00edculo 22 de la Ley 34\/2002, de Servicios para la Sociedad de la Informaci\u00f3n y de Comercio Electr\u00f3nico.<br \/>\nPara m\u00e1s informaci\u00f3n relativa a nuestra Pol\u00edtica de Privacidad acceda a trav\u00e9s de este <a href=\"https:\/\/www.zorpack.com\/index.php\/politica-de-privacidad\/\" title=\"pol\u00edtica de privacidad\" target=\"_blank\" rel=\"nofollow noopener noreferrer\">enlace<\/a>.<\/p>\n<h3>7- POL\u00cdTICA DE COOKIES<\/h3>\n<h6>\u00bfQu\u00e9 son las cookies?<\/h6>\n<p>Una cookie es un fichero que se descarga en su ordenador al acceder a determinadas p\u00e1ginas web. Las cookies permiten a una p\u00e1gina web, entre otras cosas, almacenar y recuperar informaci\u00f3n sobre h\u00e1bitos de navegaci\u00f3n de un usuario o de su equipo y, dependiendo de la informaci\u00f3n que contengan y de la forma que utilice su equipo, pueden utilizarse para reconocer al usuario.<\/p>\n<h6>Tipos de cookies que utiliza esta web<\/h6>\n<p>Esta p\u00e1gina web utiliza las cookies para una serie de finalidades, incluidas:<br \/>\nCookies de an\u00e1lisis: Son aquellas que son tratadas por nosotros o por terceros, nos permiten cuantificar el n\u00famero de usuarios y as\u00ed realizar la medici\u00f3n y an\u00e1lisis estad\u00edstico de la utilizaci\u00f3n que hacen los usuarios del servicio ofertado. Para ello se analiza la navegaci\u00f3n en nuestra p\u00e1gina web con el fin de mejorar la misma.<br \/>\nLa aplicaci\u00f3n que utilizamos para obtener y analizar la informaci\u00f3n es Google Analytics.<br \/>\nLas cookies utilizadas para esto (_utma, _utmb, _utmc, _utmt y _utmz) son cookies de Terceros.<br \/>\nEstas cookies se utilizan para recoger informaci\u00f3n sobre la navegaci\u00f3n de los usuarios por el sitio con el fin de conocer el origen de las visitas y otros datos similares a nivel estad\u00edstico.<br \/>\nA trav\u00e9s de los siguientes enlaces puede ver el detalle de las cookies que utiliza Google Analitiycs y su prop\u00f3sito: https:\/\/developers.google.com\/analytics\/devguides\/collection\/analyticsjs\/cookie-usage y Centro de privacidad de Google<br \/>\nNota: Las cookies de tipo \u2018Propias\u2019 son utilizadas s\u00f3lo por el propietario de esta web y las cookies \u2018De terceros\u2019 son utilizadas, por el prestador del servicio que est\u00e1 detallado en el cuadro anterior.<\/p>\n<h6>Eliminar o bloquear las cookies<\/h6>\n<p>Usted puede permitir, bloquear o eliminar las cookies instaladas en su equipo mediante la configuraci\u00f3n de las opciones del navegador instalado en su ordenador.<br \/>\nPuede ver m\u00e1s informaci\u00f3n sobre su navegador y las cookies en los siguientes enlaces:<br \/>\n\u2022 Firefox: http:\/\/support.mozilla.org\/es\/kb\/habilitar-y-deshabilitar-cookies-que-los-sitios-we<br \/>\n\u2022 Chrome: http:\/\/support.google.com\/chrome\/bin\/answer.py?hl=es&amp;answer=95647<br \/>\n\u2022 Internet Explorer: http:\/\/windows.microsoft.com\/es-es\/windows7\/how-to-manage-cookies-in-internet-explorer-9<br \/>\n\u2022 Safari: http:\/\/support.apple.com\/kb\/ph5042<br \/>\n\u2022 Opera: http:\/\/help.opera.com\/Windows\/11.50\/es-ES\/cookies.html<\/p>\n<h6>Otros navegadores<\/h6>\n<p>Consulte la documentaci\u00f3n del navegador que tenga instalado.<br \/>\nComplemento de inhabilitaci\u00f3n para navegadores de Google Analytics<br \/>\nSi desea rechazar las cookies anal\u00edticas de Google Analytics en todos los navegadores, de forma que no se env\u00ede informaci\u00f3n suya a Google Analytics, puede descargar un complemento que realiza esta funci\u00f3n desde este enlace: https:\/\/tools.google.com\/dlpage\/gaoptout.<br \/>\nPara m\u00e1s informaci\u00f3n sobre la pol\u00edtica de cookies acceda a trav\u00e9s de este <a href=\"https:\/\/www.zorpack.com\/index.php\/politica-de-cookies\/\" title=\"pol\u00edtica de cookies\" target=\"_blank\" rel=\"nofollow noopener noreferrer\">enlace<\/a>.<\/p>\n<h3>8- LEGISLACI\u00d3N APLICABLE<\/h3>\n<p>Las condiciones presentes se regir\u00e1n por la legislaci\u00f3n Europea y en este caso depender\u00e1 de la Autoridad de control, AEPD, legislaci\u00f3n espa\u00f1ola vigente.<br \/>\nLa lengua utilizada ser\u00e1 el Castellano.<br \/>\n\u00a9 Zorpack \u2013\u00daltima actualizaci\u00f3n el 31 de diciembre de 2018<\/p>\n","protected":false},"excerpt":{"rendered":"<p>OBJETO El presente aviso legal regula el uso y utilizaci\u00f3n del sitio web: www.zorpack.com, del que es titular ZORPACK S.L. La navegaci\u00f3n por el sitio web de ZORPACK S.L., le atribuye la condici\u00f3n de USUARIO del mismo y conlleva su aceptaci\u00f3n plena y sin reservas de todas y cada una de las condiciones publicadas en &hellip;<\/p>\n<p class=\"read-more\"> <a class=\"\" href=\"https:\/\/www.zorpack.com\/index.php\/legal-warning\/?lang=en\"> <span class=\"screen-reader-text\">Legal warning<\/span> Leer m\u00e1s &raquo;<\/a><\/p>\n","protected":false},"author":4327,"featured_media":0,"parent":0,"menu_order":0,"comment_status":"closed","ping_status":"closed","template":"","meta":{"site-sidebar-layout":"default","site-content-layout":"default","ast-main-header-display":"","ast-hfb-above-header-display":"","ast-hfb-below-header-display":"","ast-hfb-mobile-header-display":"","site-post-title":"","ast-breadcrumbs-content":"","ast-featured-img":"","footer-sml-layout":"","theme-transparent-header-meta":"","adv-header-id-meta":"","stick-header-meta":"","header-above-stick-meta":"","header-main-stick-meta":"","header-below-stick-meta":""},"_links":{"self":[{"href":"https:\/\/www.zorpack.com\/index.php\/wp-json\/wp\/v2\/pages\/6439"}],"collection":[{"href":"https:\/\/www.zorpack.com\/index.php\/wp-json\/wp\/v2\/pages"}],"about":[{"href":"https:\/\/www.zorpack.com\/index.php\/wp-json\/wp\/v2\/types\/page"}],"author":[{"embeddable":true,"href":"https:\/\/www.zorpack.com\/index.php\/wp-json\/wp\/v2\/users\/4327"}],"replies":[{"embeddable":true,"href":"https:\/\/www.zorpack.com\/index.php\/wp-json\/wp\/v2\/comments?post=6439"}],"version-history":[{"count":0,"href":"https:\/\/www.zorpack.com\/index.php\/wp-json\/wp\/v2\/pages\/6439\/revisions"}],"wp:attachment":[{"href":"https:\/\/www.zorpack.com\/index.php\/wp-json\/wp\/v2\/media?parent=6439"}],"curies":[{"name":"wp","href":"https:\/\/api.w.org\/{rel}","templated":true}]}}