{"id":558,"date":"2012-07-02T12:26:45","date_gmt":"2012-07-02T12:26:45","guid":{"rendered":"http:\/\/wordpressl.zorpack.com\/wp\/?page_id=558"},"modified":"2020-09-06T10:34:25","modified_gmt":"2020-09-06T08:34:25","slug":"no-alimentario","status":"publish","type":"page","link":"https:\/\/www.zorpack.com\/index.php\/no-alimentario\/","title":{"rendered":"No alimentario"},"content":{"rendered":"\n<div class=\"wp-block-columns\">\n<div class=\"wp-block-column\" style=\"flex-basis:7%\"><\/div>\n\n\n\n<div class=\"wp-block-column\">\n<div class=\"wp-block-image\"><figure class=\"alignright size-large\"><img loading=\"lazy\" width=\"186\" height=\"90\" src=\"https:\/\/www.zorpack.com\/wp-content\/uploads\/2020\/09\/Logo-OTROS.png\" alt=\"icono productos no alimentarios\" class=\"wp-image-4931\"\/><\/figure><\/div>\n\n\n\n<p><\/p>\n<\/div>\n\n\n\n<div class=\"wp-block-column\">\n<ul><li><a href=\"https:\/\/www.zorpack.com\/index.php\/pt-tags\/aceitunas\/\"><\/a><a href=\"https:\/\/www.zorpack.com\/index.php\/pt-tags\/aerosoles\/\">Aerosoles<\/a><\/li><li><a href=\"https:\/\/www.zorpack.com\/index.php\/pt-tags\/aceitunas\/\"><\/a><a href=\"https:\/\/www.zorpack.com\/index.php\/pt-tags\/amortiguadores\/\">Amortiguadores<\/a><\/li><li><a href=\"https:\/\/www.zorpack.com\/index.php\/pt-tags\/aceitunas\/\"><\/a><a href=\"https:\/\/www.zorpack.com\/index.php\/pt-tags\/cajas-de-pizzas\/\">Cajas de pizzas<\/a><\/li><li><a href=\"https:\/\/www.zorpack.com\/index.php\/pt-tags\/aceitunas\/\"><\/a><a href=\"https:\/\/www.zorpack.com\/index.php\/pt-tags\/carbon\/\">Carb\u00f3n<\/a><\/li><li><a href=\"https:\/\/www.zorpack.com\/index.php\/pt-tags\/aceitunas\/\"><\/a><a href=\"https:\/\/www.zorpack.com\/index.php\/pt-tags\/comida\/\">Comida<\/a><\/li><li><a href=\"https:\/\/www.zorpack.com\/index.php\/pt-tags\/aceitunas\/\"><\/a><a href=\"https:\/\/www.zorpack.com\/index.php\/pt-tags\/electrodomesticos\/\">Electrodom\u00e9sticos<\/a><\/li><li><a href=\"https:\/\/www.zorpack.com\/index.php\/pt-tags\/aceitunas\/\"><\/a><a href=\"https:\/\/www.zorpack.com\/index.php\/pt-tags\/estuches-jabon\/\">Estuches jab\u00f3n<\/a><\/li><li><a href=\"https:\/\/www.zorpack.com\/index.php\/pt-tags\/aceitunas\/\"><\/a><a href=\"https:\/\/www.zorpack.com\/index.php\/pt-tags\/escaleras\/\">Escaleras<\/a><\/li><li><a href=\"https:\/\/www.zorpack.com\/index.php\/pt-tags\/aceitunas\/\"><\/a><a href=\"https:\/\/www.zorpack.com\/index.php\/pt-tags\/farmacia\/\">Farmacia<\/a><\/li><li><a href=\"https:\/\/www.zorpack.com\/index.php\/pt-tags\/aceitunas\/\"><\/a><a href=\"https:\/\/www.zorpack.com\/index.php\/pt-tags\/lavanderia\/\">Lavander\u00eda<\/a><\/li><li><a href=\"https:\/\/www.zorpack.com\/index.php\/pt-tags\/aceitunas\/\"><\/a><a href=\"https:\/\/www.zorpack.com\/index.php\/pt-tags\/mueble-kit\/\">Mueble KIT<\/a><\/li><\/ul>\n<\/div>\n\n\n\n<div class=\"wp-block-column\" style=\"flex-basis:20%\">\n<ul><li><a href=\"https:\/\/www.zorpack.com\/index.php\/pt-tags\/harina\/\"><\/a><a href=\"https:\/\/www.zorpack.com\/index.php\/pt-tags\/papel-wc\/\">Papel WC<\/a><\/li><li><a href=\"https:\/\/www.zorpack.com\/index.php\/pt-tags\/harina\/\"><\/a><a href=\"https:\/\/www.zorpack.com\/index.php\/pt-tags\/parabrisas\/\">Parabrisas<\/a><\/li><li><a href=\"https:\/\/www.zorpack.com\/index.php\/pt-tags\/harina\/\"><\/a><a href=\"https:\/\/www.zorpack.com\/index.php\/pt-tags\/parquet\/\">Parquet<\/a><\/li><li><a href=\"https:\/\/www.zorpack.com\/index.php\/pt-tags\/harina\/\"><\/a><a href=\"https:\/\/www.zorpack.com\/index.php\/pt-tags\/persianas\/\">Persianas<\/a><\/li><li><a href=\"https:\/\/www.zorpack.com\/index.php\/pt-tags\/harina\/\"><\/a><a href=\"https:\/\/www.zorpack.com\/index.php\/pt-tags\/piedra-natural\/\">Piedra natural<\/a><\/li><li><a href=\"https:\/\/www.zorpack.com\/index.php\/pt-tags\/harina\/\"><\/a><a href=\"https:\/\/www.zorpack.com\/index.php\/pt-tags\/pinturas\/\">Pinturas<\/a><\/li><li><a href=\"https:\/\/www.zorpack.com\/index.php\/pt-tags\/harina\/\"><\/a><a href=\"https:\/\/www.zorpack.com\/index.php\/pt-tags\/radiadores\/\">Radiadores<\/a><\/li><li><a href=\"https:\/\/www.zorpack.com\/index.php\/pt-tags\/harina\/\"><\/a><a href=\"https:\/\/www.zorpack.com\/index.php\/pt-tags\/sepiolita-gatos\/\">Sepiolita gatos<\/a><\/li><li><a href=\"https:\/\/www.zorpack.com\/index.php\/pt-tags\/somieres\/\">Somieres<\/a><\/li><li><a href=\"https:\/\/www.zorpack.com\/index.php\/pt-tags\/tela-asfaltica\/\">Tela asf\u00e1ltica<\/a><\/li><li><a href=\"https:\/\/www.zorpack.com\/index.php\/pt-tags\/ventanas\/\">Ventanas<\/a><\/li><\/ul>\n\n\n\n<p><\/p>\n<\/div>\n<\/div>\n\n\n\n<p><\/p>\n","protected":false},"excerpt":{"rendered":"<p>Aerosoles Amortiguadores Cajas de pizzas Carb\u00f3n Comida Electrodom\u00e9sticos Estuches jab\u00f3n Escaleras Farmacia Lavander\u00eda Mueble KIT Papel WC Parabrisas Parquet Persianas Piedra natural Pinturas Radiadores Sepiolita gatos Somieres Tela asf\u00e1ltica Ventanas<\/p>\n","protected":false},"author":4327,"featured_media":0,"parent":0,"menu_order":0,"comment_status":"closed","ping_status":"closed","template":"","meta":{"site-sidebar-layout":"default","site-content-layout":"default","ast-main-header-display":"","ast-hfb-above-header-display":"","ast-hfb-below-header-display":"","ast-hfb-mobile-header-display":"","site-post-title":"","ast-breadcrumbs-content":"","ast-featured-img":"","footer-sml-layout":"","theme-transparent-header-meta":"default","adv-header-id-meta":"","stick-header-meta":"","header-above-stick-meta":"","header-main-stick-meta":"","header-below-stick-meta":""},"_links":{"self":[{"href":"https:\/\/www.zorpack.com\/index.php\/wp-json\/wp\/v2\/pages\/558"}],"collection":[{"href":"https:\/\/www.zorpack.com\/index.php\/wp-json\/wp\/v2\/pages"}],"about":[{"href":"https:\/\/www.zorpack.com\/index.php\/wp-json\/wp\/v2\/types\/page"}],"author":[{"embeddable":true,"href":"https:\/\/www.zorpack.com\/index.php\/wp-json\/wp\/v2\/users\/4327"}],"replies":[{"embeddable":true,"href":"https:\/\/www.zorpack.com\/index.php\/wp-json\/wp\/v2\/comments?post=558"}],"version-history":[{"count":0,"href":"https:\/\/www.zorpack.com\/index.php\/wp-json\/wp\/v2\/pages\/558\/revisions"}],"wp:attachment":[{"href":"https:\/\/www.zorpack.com\/index.php\/wp-json\/wp\/v2\/media?parent=558"}],"curies":[{"name":"wp","href":"https:\/\/api.w.org\/{rel}","templated":true}]}}