{"id":555,"date":"2012-07-02T12:26:19","date_gmt":"2012-07-02T12:26:19","guid":{"rendered":"http:\/\/wordpressl.zorpack.com\/wp\/?page_id=555"},"modified":"2020-09-04T09:41:47","modified_gmt":"2020-09-04T07:41:47","slug":"alimentacion","status":"publish","type":"page","link":"https:\/\/www.zorpack.com\/index.php\/alimentacion\/","title":{"rendered":"Alimentaci\u00f3n"},"content":{"rendered":"\n<div class=\"wp-block-columns\">\n<div class=\"wp-block-column\" style=\"flex-basis:7%\"><\/div>\n\n\n\n<div class=\"wp-block-column\">\n<div class=\"wp-block-image\"><figure class=\"alignright size-large\"><img loading=\"lazy\" width=\"156\" height=\"90\" src=\"https:\/\/www.zorpack.com\/wp-content\/uploads\/2020\/09\/Logo-ALIMENTACION.png\" alt=\"icono alimentaci\u00f3n\" class=\"wp-image-4510\"\/><\/figure><\/div>\n\n\n\n<p><\/p>\n<\/div>\n\n\n\n<div class=\"wp-block-column\">\n<ul><li><a href=\"https:\/\/www.zorpack.com\/index.php\/pt-tags\/aceitunas\/\">Aceitunas<\/a><\/li><li><a href=\"https:\/\/www.zorpack.com\/index.php\/pt-tags\/arroz\/\">Arroz<\/a><\/li><li><a href=\"https:\/\/www.zorpack.com\/index.php\/pt-tags\/azucar\/\">Az\u00facar<\/a><\/li><li><a href=\"https:\/\/www.zorpack.com\/index.php\/pt-tags\/cafe\/\">Caf\u00e9<\/a><\/li><li><a href=\"https:\/\/www.zorpack.com\/index.php\/pt-tags\/champinon\/\">Champi\u00f1\u00f3n<\/a><\/li><li><a href=\"https:\/\/www.zorpack.com\/index.php\/pt-tags\/conserva-carnica\/\">Conserva c\u00e1rnica<\/a><\/li><li><a href=\"https:\/\/www.zorpack.com\/index.php\/pt-tags\/conserva-pescado\/\">Conserva pescado<\/a><\/li><li><a href=\"https:\/\/www.zorpack.com\/index.php\/pt-tags\/conserva-vegetal\/\">Conserva vegetal<\/a><\/li><li><a href=\"https:\/\/www.zorpack.com\/index.php\/pt-tags\/encurtidos\/\">Encurtidos<\/a><\/li><li><a href=\"https:\/\/www.zorpack.com\/index.php\/pt-tags\/galletas\/\">Galletas<\/a><\/li><\/ul>\n<\/div>\n\n\n\n<div class=\"wp-block-column\" style=\"flex-basis:20%\">\n<ul><li><a href=\"https:\/\/www.zorpack.com\/index.php\/pt-tags\/harina\/\">Harina<\/a><\/li><li><a href=\"https:\/\/www.zorpack.com\/index.php\/pt-tags\/gaseosas\/\"><\/a><a href=\"https:\/\/www.zorpack.com\/index.php\/pt-tags\/helados\/\">Helados<\/a><\/li><li><a href=\"https:\/\/www.zorpack.com\/index.php\/pt-tags\/gaseosas\/\"><\/a><a href=\"https:\/\/www.zorpack.com\/index.php\/pt-tags\/leche\/\">Leche<\/a><\/li><li><a href=\"https:\/\/www.zorpack.com\/index.php\/pt-tags\/gaseosas\/\"><\/a><a href=\"https:\/\/www.zorpack.com\/index.php\/pt-tags\/legumbres\/\">Legumbres<\/a><\/li><li><a href=\"https:\/\/www.zorpack.com\/index.php\/pt-tags\/gaseosas\/\"><\/a><a href=\"https:\/\/www.zorpack.com\/index.php\/pt-tags\/pasteleria-industrial\/\">Pasteler\u00eda industrial<\/a><\/li><li><a href=\"https:\/\/www.zorpack.com\/index.php\/pt-tags\/gaseosas\/\"><\/a><a href=\"https:\/\/www.zorpack.com\/index.php\/pt-tags\/pescado-congelado\/\">Pescado congelado<\/a><\/li><li><a href=\"https:\/\/www.zorpack.com\/index.php\/pt-tags\/gaseosas\/\"><\/a><a href=\"https:\/\/www.zorpack.com\/index.php\/pt-tags\/sal\/\">Sal<\/a><\/li><li><a href=\"https:\/\/www.zorpack.com\/index.php\/pt-tags\/gaseosas\/\"><\/a><a href=\"https:\/\/www.zorpack.com\/index.php\/pt-tags\/semola\/\">S\u00e9mola<\/a><\/li><li><a href=\"https:\/\/www.zorpack.com\/index.php\/pt-tags\/gaseosas\/\"><\/a><a href=\"https:\/\/www.zorpack.com\/index.php\/pt-tags\/yogures\/\">Yogures<\/a><\/li><\/ul>\n<\/div>\n<\/div>\n\n\n\n<p><\/p>\n","protected":false},"excerpt":{"rendered":"<p>Aceitunas Arroz Az\u00facar Caf\u00e9 Champi\u00f1\u00f3n Conserva c\u00e1rnica Conserva pescado Conserva vegetal Encurtidos Galletas Harina Helados Leche Legumbres Pasteler\u00eda industrial Pescado congelado Sal S\u00e9mola Yogures<\/p>\n","protected":false},"author":4327,"featured_media":0,"parent":0,"menu_order":0,"comment_status":"closed","ping_status":"closed","template":"","meta":{"site-sidebar-layout":"default","site-content-layout":"default","ast-main-header-display":"","ast-hfb-above-header-display":"","ast-hfb-below-header-display":"","ast-hfb-mobile-header-display":"","site-post-title":"","ast-breadcrumbs-content":"","ast-featured-img":"","footer-sml-layout":"","theme-transparent-header-meta":"default","adv-header-id-meta":"","stick-header-meta":"","header-above-stick-meta":"","header-main-stick-meta":"","header-below-stick-meta":""},"_links":{"self":[{"href":"https:\/\/www.zorpack.com\/index.php\/wp-json\/wp\/v2\/pages\/555"}],"collection":[{"href":"https:\/\/www.zorpack.com\/index.php\/wp-json\/wp\/v2\/pages"}],"about":[{"href":"https:\/\/www.zorpack.com\/index.php\/wp-json\/wp\/v2\/types\/page"}],"author":[{"embeddable":true,"href":"https:\/\/www.zorpack.com\/index.php\/wp-json\/wp\/v2\/users\/4327"}],"replies":[{"embeddable":true,"href":"https:\/\/www.zorpack.com\/index.php\/wp-json\/wp\/v2\/comments?post=555"}],"version-history":[{"count":0,"href":"https:\/\/www.zorpack.com\/index.php\/wp-json\/wp\/v2\/pages\/555\/revisions"}],"wp:attachment":[{"href":"https:\/\/www.zorpack.com\/index.php\/wp-json\/wp\/v2\/media?parent=555"}],"curies":[{"name":"wp","href":"https:\/\/api.w.org\/{rel}","templated":true}]}}