{"id":551,"date":"2012-07-02T12:25:10","date_gmt":"2012-07-02T12:25:10","guid":{"rendered":"http:\/\/wordpressl.zorpack.com\/wp\/?page_id=551"},"modified":"2020-09-04T09:53:54","modified_gmt":"2020-09-04T07:53:54","slug":"bebidas-y-liquidos","status":"publish","type":"page","link":"https:\/\/www.zorpack.com\/index.php\/bebidas-y-liquidos\/","title":{"rendered":"Bebidas y l\u00edquidos"},"content":{"rendered":"\n<div class=\"wp-block-columns\">\n<div class=\"wp-block-column\" style=\"flex-basis:7%\"><\/div>\n\n\n\n<div class=\"wp-block-column\">\n<div class=\"wp-block-image\"><figure class=\"alignright size-large\"><img loading=\"lazy\" width=\"156\" height=\"90\" src=\"https:\/\/www.zorpack.com\/wp-content\/uploads\/2020\/09\/Logo-BEBIDAS-90-px.png\" alt=\"icono bebidas y l\u00edquidos\" class=\"wp-image-4523\"\/><\/figure><\/div>\n\n\n\n<p><\/p>\n<\/div>\n\n\n\n<div class=\"wp-block-column\">\n<ul><li><a href=\"https:\/\/www.zorpack.com\/index.php\/pt-tags\/enfajadora-tunel-maletas-estandar\/\"><\/a><a href=\"https:\/\/www.zorpack.com\/index.php\/pt-tags\/aceite\/\">Aceite<\/a><\/li><li><a href=\"https:\/\/www.zorpack.com\/index.php\/pt-tags\/enfajadora-tunel-maletas-estandar\/\"><\/a><a href=\"https:\/\/www.zorpack.com\/index.php\/pt-tags\/agua\/\">Aguas<\/a> <\/li><li><a href=\"https:\/\/www.zorpack.com\/index.php\/pt-tags\/enfajadora-tunel-maletas-estandar\/\"><\/a><a href=\"https:\/\/www.zorpack.com\/index.php\/pt-tags\/zumos\/\">Zumos<\/a> <\/li><li><a href=\"https:\/\/www.zorpack.com\/index.php\/pt-tags\/enfajadora-tunel-maletas-estandar\/\"><\/a><a href=\"https:\/\/www.zorpack.com\/index.php\/pt-tags\/batidos\/\">Batidos<\/a> <\/li><li><a href=\"https:\/\/www.zorpack.com\/index.php\/pt-tags\/enfajadora-tunel-maletas-estandar\/\"><\/a><a href=\"https:\/\/www.zorpack.com\/index.php\/pt-tags\/bebidas-alcoholicas\/\">Bebidas alcoh\u00f3licas<\/a> <\/li><li><a href=\"https:\/\/www.zorpack.com\/index.php\/pt-tags\/enfajadora-tunel-maletas-estandar\/\"><\/a><a href=\"https:\/\/www.zorpack.com\/index.php\/pt-tags\/bebidas-energeticas\/\">Bebidas energ\u00e9ticas<\/a> <\/li><li><a href=\"https:\/\/www.zorpack.com\/index.php\/pt-tags\/enfajadora-tunel-maletas-estandar\/\"><\/a><a href=\"https:\/\/www.zorpack.com\/index.php\/pt-tags\/cervezas\/\">Cervezas<\/a><\/li><\/ul>\n<\/div>\n\n\n\n<div class=\"wp-block-column\" style=\"flex-basis:20%\">\n<ul><li><a href=\"https:\/\/www.zorpack.com\/index.php\/pt-tags\/gaseosas\/\">Gaseosas<\/a><\/li><li><a href=\"https:\/\/www.zorpack.com\/index.php\/pt-tags\/lacteo\/\">L\u00e1cteo<\/a><\/li><li><a href=\"https:\/\/www.zorpack.com\/index.php\/pt-tags\/refrescos\/\">Refrescos<\/a><\/li><li><a href=\"https:\/\/www.zorpack.com\/index.php\/pt-tags\/salsas\/\">Salsas<\/a><\/li><li><a href=\"https:\/\/www.zorpack.com\/index.php\/pt-tags\/vinagre\/\">Vinagre<\/a><\/li><li><a href=\"https:\/\/www.zorpack.com\/index.php\/pt-tags\/yogurt-liquido\/\">Yogurt l\u00edquido<\/a><\/li><\/ul>\n<\/div>\n<\/div>\n","protected":false},"excerpt":{"rendered":"<p>Aceite Aguas Zumos Batidos Bebidas alcoh\u00f3licas Bebidas energ\u00e9ticas Cervezas Gaseosas L\u00e1cteo Refrescos Salsas Vinagre Yogurt l\u00edquido<\/p>\n","protected":false},"author":4327,"featured_media":0,"parent":0,"menu_order":0,"comment_status":"closed","ping_status":"closed","template":"","meta":{"site-sidebar-layout":"default","site-content-layout":"default","ast-main-header-display":"","ast-hfb-above-header-display":"","ast-hfb-below-header-display":"","ast-hfb-mobile-header-display":"","site-post-title":"","ast-breadcrumbs-content":"","ast-featured-img":"","footer-sml-layout":"","theme-transparent-header-meta":"default","adv-header-id-meta":"","stick-header-meta":"","header-above-stick-meta":"","header-main-stick-meta":"","header-below-stick-meta":""},"_links":{"self":[{"href":"https:\/\/www.zorpack.com\/index.php\/wp-json\/wp\/v2\/pages\/551"}],"collection":[{"href":"https:\/\/www.zorpack.com\/index.php\/wp-json\/wp\/v2\/pages"}],"about":[{"href":"https:\/\/www.zorpack.com\/index.php\/wp-json\/wp\/v2\/types\/page"}],"author":[{"embeddable":true,"href":"https:\/\/www.zorpack.com\/index.php\/wp-json\/wp\/v2\/users\/4327"}],"replies":[{"embeddable":true,"href":"https:\/\/www.zorpack.com\/index.php\/wp-json\/wp\/v2\/comments?post=551"}],"version-history":[{"count":0,"href":"https:\/\/www.zorpack.com\/index.php\/wp-json\/wp\/v2\/pages\/551\/revisions"}],"wp:attachment":[{"href":"https:\/\/www.zorpack.com\/index.php\/wp-json\/wp\/v2\/media?parent=551"}],"curies":[{"name":"wp","href":"https:\/\/api.w.org\/{rel}","templated":true}]}}