{"id":4728,"date":"2014-10-23T12:14:00","date_gmt":"2014-10-23T12:14:00","guid":{"rendered":"https:\/\/www.zorpack.com\/index.php\/post-venta-ejemplar\/"},"modified":"2021-10-22T18:40:48","modified_gmt":"2021-10-22T16:40:48","slug":"un-service-apres-vente-exemplaire","status":"publish","type":"page","link":"https:\/\/www.zorpack.com\/index.php\/un-service-apres-vente-exemplaire\/?lang=fr","title":{"rendered":"Un service apres vente exemplaire"},"content":{"rendered":"\n<div class=\"wp-block-media-text alignwide has-media-on-the-right is-stacked-on-mobile is-image-fill\"><figure class=\"wp-block-media-text__media\" style=\"background-image:url(https:\/\/www.zorpack.com\/wp-content\/uploads\/2020\/09\/OFICINAS.jpg);background-position:50% 50%\"><img loading=\"lazy\" width=\"500\" height=\"562\" src=\"https:\/\/www.zorpack.com\/wp-content\/uploads\/2020\/09\/OFICINAS.jpg\" alt=\"Oficinas zorpack\" class=\"wp-image-148 size-full\" srcset=\"https:\/\/www.zorpack.com\/wp-content\/uploads\/2020\/09\/OFICINAS.jpg 500w, https:\/\/www.zorpack.com\/wp-content\/uploads\/2020\/09\/OFICINAS-267x300.jpg 267w\" sizes=\"(max-width: 500px) 100vw, 500px\" \/><\/figure><div class=\"wp-block-media-text__content\">\n<p><span class=\"dropcap2\">Z<\/span>orpack est une entreprise de type familial, et comme tel notre engagement envers nos clients suite \u00e0 la vente d&#8217;une machine dure pendant toute la vie utile de celle-ci. Le contact direct avec les responsables de notre entreprise simplifie \u00e9norm\u00e9ment toute gestion, vous permet d&#8217;affronter imm\u00e9diatement les probl\u00e8mes pouvant se poser et d&#8217;apporter des solutions de mani\u00e8re efficace.<br>Notre service est direct, tout client de Zorpack peut appeler nos bureaux pour que ceux-ci lui pr\u00eatent l&#8217;assistance technique sp\u00e9cialis\u00e9e n\u00e9cessaire, dans l&#8217;instant, par t\u00e9l\u00e9phone ou par Skype si la machine se trouve \u00e0 l&#8217;\u00e9tranger ou si vous n&#8217;\u00eates pas connect\u00e9 \u00e0 notre serveur Web.<\/p>\n\n\n\n<blockquote class=\"wp-block-quote\"><p>Zorpack lui apportera imm\u00e9diatement des solutions.<\/p><\/blockquote>\n<\/div><\/div>\n\n\n\n<div style=\"height:60px\" aria-hidden=\"true\" class=\"wp-block-spacer\"><\/div>\n\n\n\n<div class=\"wp-block-media-text alignwide has-media-on-the-right is-stacked-on-mobile\"><figure class=\"wp-block-media-text__media\"><img loading=\"lazy\" width=\"653\" height=\"382\" src=\"https:\/\/www.zorpack.com\/wp-content\/uploads\/2020\/09\/TECNICOS-ZORPACK.jpg\" alt=\"grupo t\u00e9cnico de zorpack\" class=\"wp-image-151 size-full\" srcset=\"https:\/\/www.zorpack.com\/wp-content\/uploads\/2020\/09\/TECNICOS-ZORPACK.jpg 653w, https:\/\/www.zorpack.com\/wp-content\/uploads\/2020\/09\/TECNICOS-ZORPACK-300x175.jpg 300w\" sizes=\"(max-width: 653px) 100vw, 653px\" \/><\/figure><div class=\"wp-block-media-text__content\">\n<p>Le personnel technique de Zorpack est pr\u00eat \u00e0 se d\u00e9placer chaque fois que le client le lui demande de le faire, y compris pendant le week-end ou les jours f\u00e9ri\u00e9s, \u00e0 condition que l&#8217;intervention-client l&#8217;exige.<br>Nos machines travaillent pendant plusieurs d\u00e9cennies, et c&#8217;est la raison pour laquelle la situation de nos clients est variable, elle d\u00e9pend de leurs besoins, \u00e0 tout moment. Si un client demande une modification (nouveaux produits et formats), un agrandissement (r\u00e9duction unit\u00e9 de vente) ou une MAJ de son ancienne machine (respect de la r\u00e9glementation CE), Zorpack lui apportera imm\u00e9diatement des solutions.<br>Il est possible de passer un contrat de service apr\u00e8s-vente annuel en fonction des conditions de chaque entreprise, certains de nos clients choisissent cette option du fait du grand nombre des machines Zorpack dont ils disposent dans leurs usines.<br>Nous offrons l&#8217;option d&#8217;installer un Router dans les machines qui permet de proc\u00e9der \u00e0 des maintenances\/MAJ\/r\u00e9glages en ligne en temps r\u00e9el, en plus d&#8217;\u00eatre connect\u00e9s \u00e0 notre serveur Web 24h sur 24.<br>Le service apr\u00e8s-vente de Zorpack est consid\u00e9r\u00e9 par nos clients comme \u00e9tant digne de 5 \u00e9toiles, du fait de notre engagement, efficacit\u00e9 et transparence dans nos interventions.<\/p>\n<\/div><\/div>\n","protected":false},"excerpt":{"rendered":"<p>orpack est une entreprise de type familial, et comme tel notre engagement envers nos clients suite \u00e0 la vente d&#8217;une machine dure pendant toute la vie utile de celle-ci. Le contact direct avec les responsables de notre entreprise simplifie \u00e9norm\u00e9ment toute gestion, vous permet d&#8217;affronter imm\u00e9diatement les probl\u00e8mes pouvant se poser et d&#8217;apporter des solutions &hellip;<\/p>\n<p class=\"read-more\"> <a class=\"\" href=\"https:\/\/www.zorpack.com\/index.php\/un-service-apres-vente-exemplaire\/?lang=fr\"> <span class=\"screen-reader-text\">Un service apres vente exemplaire<\/span> Leer m\u00e1s &raquo;<\/a><\/p>\n","protected":false},"author":4327,"featured_media":0,"parent":0,"menu_order":0,"comment_status":"closed","ping_status":"closed","template":"","meta":{"site-sidebar-layout":"default","site-content-layout":"default","ast-main-header-display":"","ast-hfb-above-header-display":"","ast-hfb-below-header-display":"","ast-hfb-mobile-header-display":"","site-post-title":"","ast-breadcrumbs-content":"","ast-featured-img":"","footer-sml-layout":"","theme-transparent-header-meta":"default","adv-header-id-meta":"","stick-header-meta":"","header-above-stick-meta":"","header-main-stick-meta":"","header-below-stick-meta":""},"_links":{"self":[{"href":"https:\/\/www.zorpack.com\/index.php\/wp-json\/wp\/v2\/pages\/4728"}],"collection":[{"href":"https:\/\/www.zorpack.com\/index.php\/wp-json\/wp\/v2\/pages"}],"about":[{"href":"https:\/\/www.zorpack.com\/index.php\/wp-json\/wp\/v2\/types\/page"}],"author":[{"embeddable":true,"href":"https:\/\/www.zorpack.com\/index.php\/wp-json\/wp\/v2\/users\/4327"}],"replies":[{"embeddable":true,"href":"https:\/\/www.zorpack.com\/index.php\/wp-json\/wp\/v2\/comments?post=4728"}],"version-history":[{"count":2,"href":"https:\/\/www.zorpack.com\/index.php\/wp-json\/wp\/v2\/pages\/4728\/revisions"}],"predecessor-version":[{"id":6499,"href":"https:\/\/www.zorpack.com\/index.php\/wp-json\/wp\/v2\/pages\/4728\/revisions\/6499"}],"wp:attachment":[{"href":"https:\/\/www.zorpack.com\/index.php\/wp-json\/wp\/v2\/media?parent=4728"}],"curies":[{"name":"wp","href":"https:\/\/api.w.org\/{rel}","templated":true}]}}