{"id":4515,"date":"2012-07-02T12:26:19","date_gmt":"2012-07-02T10:26:19","guid":{"rendered":"https:\/\/www.zorpack.com\/index.php\/alimentacion\/"},"modified":"2020-09-04T09:47:12","modified_gmt":"2020-09-04T07:47:12","slug":"alimentation","status":"publish","type":"page","link":"https:\/\/www.zorpack.com\/index.php\/alimentation\/?lang=fr","title":{"rendered":"Alimentation"},"content":{"rendered":"\n<div class=\"wp-block-columns\">\n<div class=\"wp-block-column\" style=\"flex-basis:7%\"><\/div>\n\n\n\n<div class=\"wp-block-column\">\n<div class=\"wp-block-image\"><figure class=\"alignright size-large\"><img loading=\"lazy\" width=\"156\" height=\"90\" src=\"https:\/\/www.zorpack.com\/wp-content\/uploads\/2020\/09\/Logo-ALIMENTACION.png\" alt=\"icono alimentaci\u00f3n\" class=\"wp-image-4512\"\/><\/figure><\/div>\n\n\n\n<p><\/p>\n<\/div>\n\n\n\n<div class=\"wp-block-column\">\n<ul><li><a href=\"https:\/\/www.zorpack.com\/index.php\/pt-tags\/enfajadora-tunel-maletas-estandar\/?lang=fr\"><\/a><a href=\"https:\/\/www.zorpack.com\/index.php\/pt-tags\/aceite\/?lang=fr\"><\/a><a href=\"https:\/\/www.zorpack.com\/index.php\/pt-tags\/aceitunas\/?lang=fr\">Olives<\/a><\/li><li><a href=\"https:\/\/www.zorpack.com\/index.php\/pt-tags\/aceite\/?lang=fr\"><\/a><a href=\"https:\/\/www.zorpack.com\/index.php\/pt-tags\/arroz\/?lang=fr\">Riz<\/a><\/li><li><a href=\"https:\/\/www.zorpack.com\/index.php\/pt-tags\/aceite\/?lang=fr\"><\/a><a href=\"https:\/\/www.zorpack.com\/index.php\/pt-tags\/azucar\/?lang=fr\">Sucre<\/a><\/li><li><a href=\"https:\/\/www.zorpack.com\/index.php\/pt-tags\/aceite\/?lang=fr\"><\/a><a href=\"https:\/\/www.zorpack.com\/index.php\/pt-tags\/cafe\/?lang=fr\">Caf\u00e9<\/a><\/li><li><a href=\"https:\/\/www.zorpack.com\/index.php\/pt-tags\/aceite\/?lang=fr\"><\/a><a href=\"https:\/\/www.zorpack.com\/index.php\/pt-tags\/champinon\/?lang=fr\">Champignons<\/a><\/li><li><a href=\"https:\/\/www.zorpack.com\/index.php\/pt-tags\/aceite\/?lang=fr\"><\/a><a href=\"https:\/\/www.zorpack.com\/index.php\/pt-tags\/conserva-carnica\/?lang=fr\">Conserves de viande<\/a><\/li><li><a href=\"https:\/\/www.zorpack.com\/index.php\/pt-tags\/aceite\/?lang=fr\"><\/a><a href=\"https:\/\/www.zorpack.com\/index.php\/pt-tags\/conserva-pescado\/?lang=fr\">Conserves de poisson<\/a><\/li><li><a href=\"https:\/\/www.zorpack.com\/index.php\/pt-tags\/aceite\/?lang=fr\"><\/a><a href=\"https:\/\/www.zorpack.com\/index.php\/pt-tags\/conserva-vegetal\/?lang=fr\">Conserves de fruits et l\u00e9gumes<\/a><\/li><li><a href=\"https:\/\/www.zorpack.com\/index.php\/pt-tags\/encurtidos\/?lang=fr\">Conserves au vinaigre<\/a><\/li><li><a href=\"https:\/\/www.zorpack.com\/index.php\/pt-tags\/galletas\/?lang=fr\">Biscuits<\/a><\/li><\/ul>\n<\/div>\n\n\n\n<div class=\"wp-block-column\" style=\"flex-basis:20%\">\n<ul><li><a href=\"https:\/\/www.zorpack.com\/index.php\/pt-tags\/gaseosas\/?lang=fr\"><\/a><a href=\"https:\/\/www.zorpack.com\/index.php\/pt-tags\/harina\/?lang=fr\">Farine<\/a><\/li><li><a href=\"https:\/\/www.zorpack.com\/index.php\/pt-tags\/gaseosas\/?lang=fr\"><\/a><a href=\"https:\/\/www.zorpack.com\/index.php\/pt-tags\/helados\/?lang=fr\">Glaces<\/a><\/li><li><a href=\"https:\/\/www.zorpack.com\/index.php\/pt-tags\/gaseosas\/?lang=fr\"><\/a><a href=\"https:\/\/www.zorpack.com\/index.php\/pt-tags\/leche\/?lang=fr\">Lait<\/a><\/li><li><a href=\"https:\/\/www.zorpack.com\/index.php\/pt-tags\/gaseosas\/?lang=fr\"><\/a><a href=\"https:\/\/www.zorpack.com\/index.php\/pt-tags\/legumbres\/?lang=fr\">L\u00e9gumes secs<\/a><\/li><li><a href=\"https:\/\/www.zorpack.com\/index.php\/pt-tags\/gaseosas\/?lang=fr\"><\/a><a href=\"https:\/\/www.zorpack.com\/index.php\/pt-tags\/pasteleria-industrial\/?lang=fr\">P\u00e2tisserie industrielle<\/a><\/li><li><a href=\"https:\/\/www.zorpack.com\/index.php\/pt-tags\/gaseosas\/?lang=fr\"><\/a><a href=\"https:\/\/www.zorpack.com\/index.php\/pt-tags\/pescado-congelado\/?lang=fr\">Poisson congel\u00e9<\/a><\/li><li><a href=\"https:\/\/www.zorpack.com\/index.php\/pt-tags\/gaseosas\/?lang=fr\"><\/a><a href=\"https:\/\/www.zorpack.com\/index.php\/pt-tags\/sal\/?lang=fr\">Sel<\/a><\/li><li><a href=\"https:\/\/www.zorpack.com\/index.php\/pt-tags\/gaseosas\/?lang=fr\"><\/a><a href=\"https:\/\/www.zorpack.com\/index.php\/pt-tags\/semola\/?lang=fr\">Semoule<\/a><\/li><li><a href=\"https:\/\/www.zorpack.com\/index.php\/pt-tags\/gaseosas\/?lang=fr\"><\/a><a href=\"https:\/\/www.zorpack.com\/index.php\/pt-tags\/yogures\/?lang=fr\">Yaourts<\/a><\/li><\/ul>\n<\/div>\n<\/div>\n\n\n\n<p><\/p>\n","protected":false},"excerpt":{"rendered":"<p>Olives Riz Sucre Caf\u00e9 Champignons Conserves de viande Conserves de poisson Conserves de fruits et l\u00e9gumes Conserves au vinaigre Biscuits Farine Glaces Lait L\u00e9gumes secs P\u00e2tisserie industrielle Poisson congel\u00e9 Sel Semoule Yaourts<\/p>\n","protected":false},"author":4327,"featured_media":0,"parent":0,"menu_order":0,"comment_status":"closed","ping_status":"closed","template":"","meta":{"site-sidebar-layout":"default","site-content-layout":"default","ast-main-header-display":"","ast-hfb-above-header-display":"","ast-hfb-below-header-display":"","ast-hfb-mobile-header-display":"","site-post-title":"","ast-breadcrumbs-content":"","ast-featured-img":"","footer-sml-layout":"","theme-transparent-header-meta":"default","adv-header-id-meta":"","stick-header-meta":"","header-above-stick-meta":"","header-main-stick-meta":"","header-below-stick-meta":""},"_links":{"self":[{"href":"https:\/\/www.zorpack.com\/index.php\/wp-json\/wp\/v2\/pages\/4515"}],"collection":[{"href":"https:\/\/www.zorpack.com\/index.php\/wp-json\/wp\/v2\/pages"}],"about":[{"href":"https:\/\/www.zorpack.com\/index.php\/wp-json\/wp\/v2\/types\/page"}],"author":[{"embeddable":true,"href":"https:\/\/www.zorpack.com\/index.php\/wp-json\/wp\/v2\/users\/4327"}],"replies":[{"embeddable":true,"href":"https:\/\/www.zorpack.com\/index.php\/wp-json\/wp\/v2\/comments?post=4515"}],"version-history":[{"count":0,"href":"https:\/\/www.zorpack.com\/index.php\/wp-json\/wp\/v2\/pages\/4515\/revisions"}],"wp:attachment":[{"href":"https:\/\/www.zorpack.com\/index.php\/wp-json\/wp\/v2\/media?parent=4515"}],"curies":[{"name":"wp","href":"https:\/\/api.w.org\/{rel}","templated":true}]}}