{"id":4500,"date":"2020-08-10T11:02:07","date_gmt":"2020-08-10T11:02:07","guid":{"rendered":"https:\/\/www.zorpack.com\/index.php\/contacto\/"},"modified":"2021-10-22T18:15:39","modified_gmt":"2021-10-22T16:15:39","slug":"contact","status":"publish","type":"page","link":"https:\/\/www.zorpack.com\/index.php\/contact\/?lang=fr","title":{"rendered":"Contact"},"content":{"rendered":"\n<figure class=\"wp-block-image size-large\"><img loading=\"lazy\" width=\"70\" height=\"70\" src=\"https:\/\/www.zorpack.com\/wp-content\/uploads\/2020\/09\/mapa.png\" alt=\"icono mapa\" class=\"wp-image-4830\"\/><\/figure>\n\n\n\n<iframe loading=\"lazy\" src=\"https:\/\/www.google.com\/maps\/embed?pb=!1m18!1m12!1m3!1d732.2440349138287!2d-1.662451127784494!3d42.76770988508141!2m3!1f0!2f0!3f0!3m2!1i1024!2i768!4f13.1!3m3!1m2!1s0xd5092342ec83f7f%3A0xc42c56267e89a33e!2sZorpack%20S.L.!5e0!3m2!1ses!2ses!4v1598027457871!5m2!1ses!2ses\" style=\"border:0;\" allowfullscreen=\"\" aria-hidden=\"false\" tabindex=\"0\" width=\"1220\" height=\"500\" frameborder=\"0\"><\/iframe>\n\n\n\n<div style=\"height:50px\" aria-hidden=\"true\" class=\"wp-block-spacer\"><\/div>\n\n\n\n<div class=\"wp-block-columns\">\n<div class=\"wp-block-column contact_border\">\n<div class=\"wp-block-image\"><figure class=\"aligncenter size-large\"><img loading=\"lazy\" width=\"70\" height=\"70\" src=\"https:\/\/www.zorpack.com\/wp-content\/uploads\/2020\/09\/brujula.png\" alt=\"icono localizaci\u00f3n\" class=\"wp-image-4820\"\/><\/figure><\/div>\n\n\n\n<h4 class=\"has-text-align-center has-text-color\" style=\"color:#00366c\">Localisation:<\/h4>\n\n\n\n<p class=\"has-text-align-center\">ZORPACK S.L.<br>Pol\u00edgono Industrial Comarca-2, calle B, n\u00ba 20.<br>31191, ESQUIROZ<br>Navarra (SPAIN)<\/p>\n<\/div>\n\n\n\n<div class=\"wp-block-column contact_border\">\n<div class=\"wp-block-image\"><figure class=\"aligncenter size-large\"><img loading=\"lazy\" width=\"70\" height=\"70\" src=\"https:\/\/www.zorpack.com\/wp-content\/uploads\/2020\/09\/telefono.png\" alt=\"icono tel\u00e9fono\" class=\"wp-image-4832\"\/><\/figure><\/div>\n\n\n\n<h4 class=\"has-text-align-center has-text-color\" style=\"color:#00366c\">T\u00e9l\u00e9phone:<\/h4>\n\n\n\n<p class=\"has-text-align-center\"><strong>+34 948 303005<\/strong><\/p>\n\n\n\n<div class=\"wp-block-image\"><figure class=\"aligncenter size-large\"><img loading=\"lazy\" width=\"70\" height=\"70\" src=\"https:\/\/www.zorpack.com\/wp-content\/uploads\/2020\/09\/fax.png\" alt=\"icono fax\" class=\"wp-image-4826\"\/><\/figure><\/div>\n\n\n\n<h4 class=\"has-text-align-center has-text-color\" style=\"color:#00366c\">Fax:<\/h4>\n\n\n\n<p class=\"has-text-align-center\"><strong>+34 948 302644<\/strong><\/p>\n<\/div>\n\n\n\n<div class=\"wp-block-column contact_border\">\n<div class=\"wp-block-image\"><figure class=\"aligncenter size-large\"><img loading=\"lazy\" width=\"70\" height=\"70\" src=\"https:\/\/www.zorpack.com\/wp-content\/uploads\/2020\/09\/email.png\" alt=\"icono email\" class=\"wp-image-4823\"\/><\/figure><\/div>\n\n\n\n<h4 class=\"has-text-align-center has-text-color\" style=\"color:#00366c\">Courrier Electronique:<\/h4>\n\n\n\n<p class=\"has-text-align-center\"><strong>Adminitration service<\/strong><br>Vanessa Z\u00e1foras: <a href=\"mailto:va&#110;e&#115;&#97;&#64;zo&#114;&#112;&#97;&#99;k&#46;&#99;&#111;m\">&#118;a&#110;e&#115;a&#64;&#122;&#111;rp&#97;ck&#46;&#99;o&#109;<\/a><br>Rebeca Ortega: <a href=\"mailto:r&#101;be&#99;a&#64;z&#111;r&#112;&#97;&#99;k.&#99;&#111;&#109;\">&#114;eb&#101;c&#97;&#64;z&#111;&#114;p&#97;ck&#46;c&#111;&#109;<\/a><br><strong>Achates Service<\/strong><br>Carlos Lacabe: <a href=\"mailto:&#122;&#111;r&#112;&#97;&#99;&#107;&#64;&#122;&#111;&#114;&#112;&#97;c&#107;&#46;com\">&#122;o&#114;&#112;&#97;&#99;k&#64;z&#111;&#114;&#112;a&#99;k&#46;com<\/a><br><strong>D\u00e9partement Commercial<\/strong><br>David Ortega: <a href=\"mailto:&#99;&#111;&#109;e&#114;cia&#108;&#64;&#122;&#111;r&#112;&#97;c&#107;.co&#109;\">&#99;o&#109;e&#114;&#99;&#105;&#97;&#108;&#64;z&#111;r&#112;&#97;ck.co&#109;<\/a><\/p>\n<\/div>\n<\/div>\n","protected":false},"excerpt":{"rendered":"<p>Localisation: ZORPACK S.L.Pol\u00edgono Industrial Comarca-2, calle B, n\u00ba 20.31191, ESQUIROZNavarra (SPAIN) T\u00e9l\u00e9phone: +34 948 303005 Fax: +34 948 302644 Courrier Electronique: Adminitration serviceVanessa Z\u00e1foras: va&#110;e&#115;a&#64;&#122;&#111;&#114;&#112;&#97;c&#107;&#46;comRebeca Ortega: r&#101;beca&#64;zor&#112;a&#99;k&#46;comAchates ServiceCarlos Lacabe: z&#111;r&#112;ack&#64;&#122;or&#112;&#97;ck&#46;&#99;o&#109;D\u00e9partement CommercialDavid Ortega: &#99;om&#101;r&#99;ia&#108;&#64;zo&#114;&#112;ack&#46;co&#109;<\/p>\n","protected":false},"author":4327,"featured_media":0,"parent":0,"menu_order":0,"comment_status":"closed","ping_status":"closed","template":"","meta":{"site-sidebar-layout":"default","site-content-layout":"default","ast-main-header-display":"","ast-hfb-above-header-display":"","ast-hfb-below-header-display":"","ast-hfb-mobile-header-display":"","site-post-title":"","ast-breadcrumbs-content":"","ast-featured-img":"","footer-sml-layout":"","theme-transparent-header-meta":"default","adv-header-id-meta":"","stick-header-meta":"","header-above-stick-meta":"","header-main-stick-meta":"","header-below-stick-meta":""},"_links":{"self":[{"href":"https:\/\/www.zorpack.com\/index.php\/wp-json\/wp\/v2\/pages\/4500"}],"collection":[{"href":"https:\/\/www.zorpack.com\/index.php\/wp-json\/wp\/v2\/pages"}],"about":[{"href":"https:\/\/www.zorpack.com\/index.php\/wp-json\/wp\/v2\/types\/page"}],"author":[{"embeddable":true,"href":"https:\/\/www.zorpack.com\/index.php\/wp-json\/wp\/v2\/users\/4327"}],"replies":[{"embeddable":true,"href":"https:\/\/www.zorpack.com\/index.php\/wp-json\/wp\/v2\/comments?post=4500"}],"version-history":[{"count":1,"href":"https:\/\/www.zorpack.com\/index.php\/wp-json\/wp\/v2\/pages\/4500\/revisions"}],"predecessor-version":[{"id":6482,"href":"https:\/\/www.zorpack.com\/index.php\/wp-json\/wp\/v2\/pages\/4500\/revisions\/6482"}],"wp:attachment":[{"href":"https:\/\/www.zorpack.com\/index.php\/wp-json\/wp\/v2\/media?parent=4500"}],"curies":[{"name":"wp","href":"https:\/\/api.w.org\/{rel}","templated":true}]}}