{"id":4089,"date":"2012-05-22T09:11:55","date_gmt":"2012-05-22T09:11:55","guid":{"rendered":"https:\/\/www.zorpack.com\/respaldo\/?page_id=9"},"modified":"2021-10-22T18:20:32","modified_gmt":"2021-10-22T16:20:32","slug":"empresa","status":"publish","type":"page","link":"https:\/\/www.zorpack.com\/index.php\/empresa\/","title":{"rendered":"Empresa"},"content":{"rendered":"\n<h2>Nuestra Empresa<\/h2>\n\n\n\n<div class=\"wp-block-media-text has-media-on-the-right is-stacked-on-mobile\"><figure class=\"wp-block-media-text__media\"><img loading=\"lazy\" width=\"600\" height=\"400\" src=\"https:\/\/www.zorpack.com\/wp-content\/uploads\/2021\/09\/instalaciones-nuevas-zorpack.webp\" alt=\"\" class=\"wp-image-5979 size-full\" srcset=\"https:\/\/www.zorpack.com\/wp-content\/uploads\/2021\/09\/instalaciones-nuevas-zorpack.webp 600w, https:\/\/www.zorpack.com\/wp-content\/uploads\/2021\/09\/instalaciones-nuevas-zorpack-300x200.webp 300w\" sizes=\"(max-width: 600px) 100vw, 600px\" \/><\/figure><div class=\"wp-block-media-text__content\">\n<p><span class=\"dropcap2\">Z<\/span>orpack es una empresa con casi cuatro d\u00e9cadas de experiencia. Actualmente somos l\u00edderes en el sector de embalaje en Espa\u00f1a. Fabricamos maquinaria a medida en nuestras instalaciones. Disponemos de <strong>zona de corte soldadura, mecanizado, pintura, montaje, puesta en marcha y carga de maquinaria.<\/strong> En la zona de oficinas tenemos el <strong>\u00e1rea de dise\u00f1o mec\u00e1nico, el\u00e9ctrico, <a href=\"https:\/\/www.zorpack.com\/index.php\/id\/\">desarrollo de I+D<\/a>, oficina comercial, de compras y financiera.<\/strong><\/p>\n\n\n\n<blockquote class=\"wp-block-quote\"><p>l\u00edderes en el sector de embalaje<\/p><\/blockquote>\n<\/div><\/div>\n\n\n\n<hr class=\"wp-block-separator is-style-wide\"\/>\n\n\n\n<h2>Historia<\/h2>\n\n\n\n<div class=\"wp-block-columns\">\n<div class=\"wp-block-column\">\n<p><span class=\"dropcap2\">L<\/span>os impulsores del nacimiento de ZORPACK son los se\u00f1ores Jos\u00e9 Antonio Ortega y Antonio Z\u00e1foras que la constituyeron como sociedad en el a\u00f1o 1.983.<br>Empezamos construyendo Enfajadoras-t\u00fanel con soldadura y l\u00edneas con Agrupador sobre bandeja\/plancha de cart\u00f3n, Apiladores y Formadoras de bandejas, consolid\u00e1ndonos a finales de los a\u00f1os 80 como una empresa destacada en el sector del embalaje en Espa\u00f1a.<br>En la d\u00e9cada de los 90 afrontamos el reto de construir una L\u00ednea completa de embalaje sin soldadura, mediante sistema Envolvente, capaz de duplicar las producciones de las m\u00e1quinas convencionales. Este paso ampli\u00f3 las opciones de mercado y permiti\u00f3 la venta de equipos a multinacionales con grandes l\u00edneas de producci\u00f3n.<br>Hemos desarrollado satisfactoriamente <a href=\"https:\/\/www.zorpack.com\/index.php\/id\/\">proyectos de I+D<\/a> que nos han permitido acceder a sectores hasta entonces desconocidos.<\/p>\n<\/div>\n\n\n\n<div class=\"wp-block-column\">\n<p>M\u00e1quinas Encajadoras Wrap Around de media y alta producci\u00f3n, Encajadoras para sector hortofrut\u00edcola, Agrupadores sobre bandejas de medio y palet completo, Agrupadores al tresbolillo\u2026<br>Actualmente estamos ubicados en Esquiroz (Navarra), en una nave operativa de 4000m\u00b2 con gran capacidad de producci\u00f3n, adem\u00e1s de disponer de un almac\u00e9n para maquinaria usada de 2000m\u00b2.<br>La calidad de nuestros fabricados, la extensa gama de maquinaria ampliada seg\u00fan las necesidades de mercado existentes a lo largo de casi cuatro d\u00e9cadas y la cantidad de sectores para los que disponemos equipos nos posicionan a escala mundial como una de las empresas a la vanguardia del sector.<br>La INTERNACIONALIZACI\u00d3N llevaba a cabo durante los \u00faltimos a\u00f1os nos ha permitido tener presencia en mayor n\u00famero de pa\u00edses, ampliar mercados, incrementar las ventas y extender al resto del mundo nuestra firma ZORPACK.<\/p>\n<\/div>\n<\/div>\n\n\n\n<div class=\"wp-block-image\"><figure class=\"aligncenter size-large\"><img loading=\"lazy\" width=\"1024\" height=\"292\" src=\"https:\/\/www.zorpack.com\/wp-content\/uploads\/2020\/09\/ZORPACK-ANTIGUAS-INSTALACIONES.jpg\" alt=\"antiguas instalaciones de zorpack\" class=\"wp-image-152\" srcset=\"https:\/\/www.zorpack.com\/wp-content\/uploads\/2020\/09\/ZORPACK-ANTIGUAS-INSTALACIONES.jpg 1024w, https:\/\/www.zorpack.com\/wp-content\/uploads\/2020\/09\/ZORPACK-ANTIGUAS-INSTALACIONES-300x86.jpg 300w, https:\/\/www.zorpack.com\/wp-content\/uploads\/2020\/09\/ZORPACK-ANTIGUAS-INSTALACIONES-768x219.jpg 768w\" sizes=\"(max-width: 1024px) 100vw, 1024px\" \/><figcaption>Antiguas instalaciones<\/figcaption><\/figure><\/div>\n\n\n\n<hr class=\"wp-block-separator is-style-wide\"\/>\n\n\n\n<h2>Instalaciones<\/h2>\n\n\n\n<figure class=\"wp-block-gallery columns-5 is-cropped\"><ul class=\"blocks-gallery-grid\"><li class=\"blocks-gallery-item\"><figure><img loading=\"lazy\" width=\"343\" height=\"482\" src=\"https:\/\/www.zorpack.com\/wp-content\/uploads\/2020\/09\/ZORPACK-NAVE.jpg\" alt=\"\" data-id=\"155\" data-full-url=\"https:\/\/www.zorpack.com\/wp-content\/uploads\/2020\/09\/ZORPACK-NAVE.jpg\" data-link=\"https:\/\/www.zorpack.com\/index.php\/portfolio\/linea-envolvente-bandeja-placa-solo-film-45-50-p-min\/zorpack-nave\/\" class=\"wp-image-155\" srcset=\"https:\/\/www.zorpack.com\/wp-content\/uploads\/2020\/09\/ZORPACK-NAVE.jpg 343w, https:\/\/www.zorpack.com\/wp-content\/uploads\/2020\/09\/ZORPACK-NAVE-213x300.jpg 213w\" sizes=\"(max-width: 343px) 100vw, 343px\" \/><\/figure><\/li><li class=\"blocks-gallery-item\"><figure><img loading=\"lazy\" width=\"1220\" height=\"813\" src=\"https:\/\/www.zorpack.com\/wp-content\/uploads\/2020\/09\/Empresa2.jpg\" alt=\"Instalaciones zorpack\" data-id=\"119\" data-full-url=\"https:\/\/www.zorpack.com\/wp-content\/uploads\/2020\/09\/Empresa2.jpg\" data-link=\"https:\/\/www.zorpack.com\/index.php\/portfolio\/linea-envolvente-bandeja-placa-solo-film-45-50-p-min\/sony-dsc-2\/\" class=\"wp-image-119\" srcset=\"https:\/\/www.zorpack.com\/wp-content\/uploads\/2020\/09\/Empresa2.jpg 1220w, https:\/\/www.zorpack.com\/wp-content\/uploads\/2020\/09\/Empresa2-300x200.jpg 300w, https:\/\/www.zorpack.com\/wp-content\/uploads\/2020\/09\/Empresa2-1024x682.jpg 1024w, https:\/\/www.zorpack.com\/wp-content\/uploads\/2020\/09\/Empresa2-768x512.jpg 768w\" sizes=\"(max-width: 1220px) 100vw, 1220px\" \/><\/figure><\/li><li class=\"blocks-gallery-item\"><figure><img loading=\"lazy\" width=\"499\" height=\"438\" src=\"https:\/\/www.zorpack.com\/wp-content\/uploads\/2020\/09\/DISENADAS-Y-CONSTRUIDAS-A-MEDIDAD-POR-NOSOTROS-OFICINA-TECNICA.jpg\" alt=\"dise\u00f1os y construccion propios\" data-id=\"113\" data-full-url=\"https:\/\/www.zorpack.com\/wp-content\/uploads\/2020\/09\/DISENADAS-Y-CONSTRUIDAS-A-MEDIDAD-POR-NOSOTROS-OFICINA-TECNICA.jpg\" data-link=\"https:\/\/www.zorpack.com\/index.php\/portfolio\/linea-envolvente-bandeja-placa-solo-film-45-50-p-min\/disenadas-y-construidas-a-medidad-por-nosotros-oficina-tecnica\/\" class=\"wp-image-113\" srcset=\"https:\/\/www.zorpack.com\/wp-content\/uploads\/2020\/09\/DISENADAS-Y-CONSTRUIDAS-A-MEDIDAD-POR-NOSOTROS-OFICINA-TECNICA.jpg 499w, https:\/\/www.zorpack.com\/wp-content\/uploads\/2020\/09\/DISENADAS-Y-CONSTRUIDAS-A-MEDIDAD-POR-NOSOTROS-OFICINA-TECNICA-300x263.jpg 300w\" sizes=\"(max-width: 499px) 100vw, 499px\" \/><\/figure><\/li><li class=\"blocks-gallery-item\"><figure><img loading=\"lazy\" width=\"1220\" height=\"720\" src=\"https:\/\/www.zorpack.com\/wp-content\/uploads\/2020\/09\/Empresa.jpg\" alt=\"\" data-id=\"116\" data-full-url=\"https:\/\/www.zorpack.com\/wp-content\/uploads\/2020\/09\/Empresa.jpg\" data-link=\"https:\/\/www.zorpack.com\/index.php\/portfolio\/linea-envolvente-bandeja-placa-solo-film-45-50-p-min\/sony-dsc\/\" class=\"wp-image-116\" srcset=\"https:\/\/www.zorpack.com\/wp-content\/uploads\/2020\/09\/Empresa.jpg 1220w, https:\/\/www.zorpack.com\/wp-content\/uploads\/2020\/09\/Empresa-300x177.jpg 300w, https:\/\/www.zorpack.com\/wp-content\/uploads\/2020\/09\/Empresa-1024x604.jpg 1024w, https:\/\/www.zorpack.com\/wp-content\/uploads\/2020\/09\/Empresa-768x453.jpg 768w\" sizes=\"(max-width: 1220px) 100vw, 1220px\" \/><\/figure><\/li><li class=\"blocks-gallery-item\"><figure><img loading=\"lazy\" width=\"500\" height=\"562\" src=\"https:\/\/www.zorpack.com\/wp-content\/uploads\/2020\/09\/OFICINAS.jpg\" alt=\"Oficinas zorpack\" data-id=\"146\" data-full-url=\"https:\/\/www.zorpack.com\/wp-content\/uploads\/2020\/09\/OFICINAS.jpg\" data-link=\"https:\/\/www.zorpack.com\/index.php\/portfolio\/linea-envolvente-bandeja-placa-solo-film-45-50-p-min\/oficinas\/\" class=\"wp-image-146\" srcset=\"https:\/\/www.zorpack.com\/wp-content\/uploads\/2020\/09\/OFICINAS.jpg 500w, https:\/\/www.zorpack.com\/wp-content\/uploads\/2020\/09\/OFICINAS-267x300.jpg 267w\" sizes=\"(max-width: 500px) 100vw, 500px\" \/><\/figure><\/li><\/ul><\/figure>\n\n\n\n<hr class=\"wp-block-separator is-style-wide\"\/>\n\n\n\n<h2>\u00bfPor qu\u00e9 Zorpack?<\/h2>\n\n\n\n<div class=\"wp-block-columns\">\n<div class=\"wp-block-column\">\n<p><strong>\u00b7<\/strong> Empresa l\u00edder en Sector de Embalaje en Espa\u00f1a, m\u00e1s de 30 a\u00f1os de experiencia.<br><strong>\u00b7<\/strong> Servicio post venta ejemplar, nuestro mejor argumento.<br><strong>\u00b7<\/strong> Materiales constructivos de mercado, el cliente puede adquirir los repuestos para nuestras m\u00e1quinas por s\u00ed mismo, sin necesidad de obligatoriamente recurrir a Zorpack.<br><strong>\u00b7<\/strong> Fabricaci\u00f3n de maquinaria a MEDIDA; cada m\u00e1quina es dise\u00f1ada y construida seg\u00fan las necesidades propias de cada cliente.<br><strong>\u00b7<\/strong> Construimos las m\u00e1quinas completamente en nuestras instalaciones: disponemos de zona de corte, soldadura, mecanizado, pintura, montaje, puesta en marcha y carga de la maquinaria.<br><strong>\u00b7<\/strong> Instalaciones dotadas de oficinas financieras, comercial, compras, dise\u00f1o mec\u00e1nico, dise\u00f1o el\u00e9ctrico y desarrollos de I+D.<br><strong>\u00b7<\/strong> Presencia de nuestra gama de maquinaria en todos los sectores alimentarios.<br><strong>\u00b7 <\/strong><a href=\"https:\/\/www.zorpack.com\/index.php\/id\/\">Proyectos I+D<\/a> cada dos a\u00f1os nos sit\u00faan en la vanguardia del sector a nivel mundial.<br><strong>\u00b7<\/strong> Trabajamos con las grandes multinacionales espa\u00f1olas, ofreciendo a nuestros clientes soluciones reales a sus planteamientos: Problema = Soluci\u00f3n.<br><strong>\u00b7<\/strong> Adaptaci\u00f3n a las nuevas tendencias de mercado.<\/p>\n<\/div>\n\n\n\n<div class=\"wp-block-column\">\n<figure class=\"wp-block-image size-large\"><img loading=\"lazy\" width=\"343\" height=\"482\" src=\"https:\/\/www.zorpack.com\/wp-content\/uploads\/2020\/09\/ZORPACK-NAVE.jpg\" alt=\"\" class=\"wp-image-155\" srcset=\"https:\/\/www.zorpack.com\/wp-content\/uploads\/2020\/09\/ZORPACK-NAVE.jpg 343w, https:\/\/www.zorpack.com\/wp-content\/uploads\/2020\/09\/ZORPACK-NAVE-213x300.jpg 213w\" sizes=\"(max-width: 343px) 100vw, 343px\" \/><\/figure>\n<\/div>\n<\/div>\n","protected":false},"excerpt":{"rendered":"<p>Nuestra Empresa orpack es una empresa con casi cuatro d\u00e9cadas de experiencia. Actualmente somos l\u00edderes en el sector de embalaje en Espa\u00f1a. Fabricamos maquinaria a medida en nuestras instalaciones. Disponemos de zona de corte soldadura, mecanizado, pintura, montaje, puesta en marcha y carga de maquinaria. En la zona de oficinas tenemos el \u00e1rea de dise\u00f1o &hellip;<\/p>\n<p class=\"read-more\"> <a class=\"\" href=\"https:\/\/www.zorpack.com\/index.php\/empresa\/\"> <span class=\"screen-reader-text\">Empresa<\/span> Leer m\u00e1s &raquo;<\/a><\/p>\n","protected":false},"author":4327,"featured_media":0,"parent":0,"menu_order":0,"comment_status":"closed","ping_status":"closed","template":"","meta":{"site-sidebar-layout":"no-sidebar","site-content-layout":"plain-container","ast-main-header-display":"","ast-hfb-above-header-display":"","ast-hfb-below-header-display":"","ast-hfb-mobile-header-display":"","site-post-title":"disabled","ast-breadcrumbs-content":"","ast-featured-img":"","footer-sml-layout":"","theme-transparent-header-meta":"default","adv-header-id-meta":"","stick-header-meta":"","header-above-stick-meta":"","header-main-stick-meta":"","header-below-stick-meta":""},"_links":{"self":[{"href":"https:\/\/www.zorpack.com\/index.php\/wp-json\/wp\/v2\/pages\/4089"}],"collection":[{"href":"https:\/\/www.zorpack.com\/index.php\/wp-json\/wp\/v2\/pages"}],"about":[{"href":"https:\/\/www.zorpack.com\/index.php\/wp-json\/wp\/v2\/types\/page"}],"author":[{"embeddable":true,"href":"https:\/\/www.zorpack.com\/index.php\/wp-json\/wp\/v2\/users\/4327"}],"replies":[{"embeddable":true,"href":"https:\/\/www.zorpack.com\/index.php\/wp-json\/wp\/v2\/comments?post=4089"}],"version-history":[{"count":1,"href":"https:\/\/www.zorpack.com\/index.php\/wp-json\/wp\/v2\/pages\/4089\/revisions"}],"predecessor-version":[{"id":6486,"href":"https:\/\/www.zorpack.com\/index.php\/wp-json\/wp\/v2\/pages\/4089\/revisions\/6486"}],"wp:attachment":[{"href":"https:\/\/www.zorpack.com\/index.php\/wp-json\/wp\/v2\/media?parent=4089"}],"curies":[{"name":"wp","href":"https:\/\/api.w.org\/{rel}","templated":true}]}}