{"id":3467,"date":"2020-08-10T11:02:07","date_gmt":"2020-08-10T11:02:07","guid":{"rendered":"http:\/\/www.zorpack.com.mialias.net\/?page_id=3467"},"modified":"2021-10-22T18:14:36","modified_gmt":"2021-10-22T16:14:36","slug":"contacto","status":"publish","type":"page","link":"https:\/\/www.zorpack.com\/index.php\/contacto\/","title":{"rendered":"Contacto"},"content":{"rendered":"\n<figure class=\"wp-block-image size-large\"><img loading=\"lazy\" width=\"70\" height=\"70\" src=\"https:\/\/www.zorpack.com\/wp-content\/uploads\/2020\/09\/mapa.png\" alt=\"icono mapa\" class=\"wp-image-4828\"\/><\/figure>\n\n\n\n<iframe loading=\"lazy\" src=\"https:\/\/www.google.com\/maps\/embed?pb=!1m18!1m12!1m3!1d732.2440349138287!2d-1.662451127784494!3d42.76770988508141!2m3!1f0!2f0!3f0!3m2!1i1024!2i768!4f13.1!3m3!1m2!1s0xd5092342ec83f7f%3A0xc42c56267e89a33e!2sZorpack%20S.L.!5e0!3m2!1ses!2ses!4v1598027457871!5m2!1ses!2ses\" style=\"border:0;\" allowfullscreen=\"\" aria-hidden=\"false\" tabindex=\"0\" width=\"1220\" height=\"500\" frameborder=\"0\"><\/iframe>\n\n\n\n<div style=\"height:50px\" aria-hidden=\"true\" class=\"wp-block-spacer\"><\/div>\n\n\n\n<div class=\"wp-block-columns\">\n<div class=\"wp-block-column contact_border\">\n<div class=\"wp-block-image\"><figure class=\"aligncenter size-large\"><img loading=\"lazy\" width=\"70\" height=\"70\" src=\"https:\/\/www.zorpack.com\/wp-content\/uploads\/2020\/09\/brujula.png\" alt=\"icono localizaci\u00f3n\" class=\"wp-image-4819\"\/><\/figure><\/div>\n\n\n\n<h4 class=\"has-text-align-center has-text-color\" style=\"color:#00366c\">Encu\u00e9ntranos en:<\/h4>\n\n\n\n<p class=\"has-text-align-center\">ZORPACK S.L.<br>Pol\u00edgono Industrial Comarca-2, calle B, n\u00ba 20.<br>31191, ESQUIROZ<br>Navarra (SPAIN)<\/p>\n<\/div>\n\n\n\n<div class=\"wp-block-column contact_border\">\n<div class=\"wp-block-image\"><figure class=\"aligncenter size-large\"><img loading=\"lazy\" width=\"70\" height=\"70\" src=\"https:\/\/www.zorpack.com\/wp-content\/uploads\/2020\/09\/telefono.png\" alt=\"icono tel\u00e9fono\" class=\"wp-image-4831\"\/><\/figure><\/div>\n\n\n\n<h4 class=\"has-text-align-center has-text-color\" style=\"color:#00366c\">Tel\u00e9fono:<\/h4>\n\n\n\n<p class=\"has-text-align-center\"><strong>+34 948 303005<\/strong><\/p>\n\n\n\n<div class=\"wp-block-image\"><figure class=\"aligncenter size-large\"><img loading=\"lazy\" width=\"70\" height=\"70\" src=\"https:\/\/www.zorpack.com\/wp-content\/uploads\/2020\/09\/fax.png\" alt=\"icono fax\" class=\"wp-image-4825\"\/><\/figure><\/div>\n\n\n\n<h4 class=\"has-text-align-center has-text-color\" style=\"color:#00366c\">Fax:<\/h4>\n\n\n\n<p class=\"has-text-align-center\"><strong>+34 948 302644<\/strong><\/p>\n<\/div>\n\n\n\n<div class=\"wp-block-column contact_border\">\n<div class=\"wp-block-image\"><figure class=\"aligncenter size-large\"><img loading=\"lazy\" width=\"70\" height=\"70\" src=\"https:\/\/www.zorpack.com\/wp-content\/uploads\/2020\/09\/email.png\" alt=\"icono email\" class=\"wp-image-4822\"\/><\/figure><\/div>\n\n\n\n<h4 class=\"has-text-align-center has-text-color\" style=\"color:#00366c\">E-mail:<\/h4>\n\n\n\n<p class=\"has-text-align-center\"><strong>Departamento de Administraci\u00f3n<\/strong><br>Vanessa Z\u00e1foras: <a href=\"mailto:va&#110;&#101;sa&#64;z&#111;r&#112;&#97;c&#107;&#46;&#99;&#111;&#109;\" rel=\"nofollow\">&#118;&#97;&#110;esa&#64;&#122;&#111;&#114;pac&#107;&#46;&#99;&#111;m<\/a><br>Rebeca Ortega: <a href=\"mailto:&#114;&#101;b&#101;&#99;&#97;&#64;&#122;o&#114;pac&#107;&#46;co&#109;\" rel=\"nofollow\">re&#98;eca&#64;zorp&#97;ck.&#99;&#111;&#109;<\/a><br><strong>Departamento de SAT y compras<\/strong><br>Carlos Lacabe: <a href=\"mailto:zor&#112;&#97;ck&#64;zorpack.c&#111;m\" rel=\"nofollow\">z&#111;&#114;&#112;ack&#64;z&#111;&#114;&#112;a&#99;k&#46;&#99;&#111;&#109;<\/a><br><strong>Departamento Comercial<\/strong><br>David Ortega: <a href=\"mailto:&#99;&#111;merc&#105;&#97;&#108;&#64;zorpa&#99;&#107;.co&#109;\" rel=\"nofollow\">c&#111;&#109;&#101;&#114;cial&#64;&#122;&#111;&#114;&#112;&#97;ck.com<\/a><\/p>\n<\/div>\n<\/div>\n","protected":false},"excerpt":{"rendered":"<p>Encu\u00e9ntranos en: ZORPACK S.L.Pol\u00edgono Industrial Comarca-2, calle B, n\u00ba 20.31191, ESQUIROZNavarra (SPAIN) Tel\u00e9fono: +34 948 303005 Fax: +34 948 302644 E-mail: Departamento de Administraci\u00f3nVanessa Z\u00e1foras: va&#110;e&#115;a&#64;&#122;&#111;&#114;&#112;a&#99;&#107;.&#99;&#111;mRebeca Ortega: re&#98;&#101;c&#97;&#64;&#122;&#111;r&#112;ac&#107;&#46;&#99;o&#109;Departamento de SAT y comprasCarlos Lacabe: &#122;&#111;r&#112;ack&#64;z&#111;&#114;pack&#46;comDepartamento ComercialDavid Ortega: &#99;o&#109;&#101;r&#99;&#105;al&#64;&#122;&#111;rp&#97;c&#107;&#46;&#99;&#111;&#109;<\/p>\n","protected":false},"author":4327,"featured_media":0,"parent":0,"menu_order":0,"comment_status":"closed","ping_status":"closed","template":"","meta":{"site-sidebar-layout":"default","site-content-layout":"default","ast-main-header-display":"","ast-hfb-above-header-display":"","ast-hfb-below-header-display":"","ast-hfb-mobile-header-display":"","site-post-title":"","ast-breadcrumbs-content":"","ast-featured-img":"","footer-sml-layout":"","theme-transparent-header-meta":"default","adv-header-id-meta":"","stick-header-meta":"","header-above-stick-meta":"","header-main-stick-meta":"","header-below-stick-meta":""},"_links":{"self":[{"href":"https:\/\/www.zorpack.com\/index.php\/wp-json\/wp\/v2\/pages\/3467"}],"collection":[{"href":"https:\/\/www.zorpack.com\/index.php\/wp-json\/wp\/v2\/pages"}],"about":[{"href":"https:\/\/www.zorpack.com\/index.php\/wp-json\/wp\/v2\/types\/page"}],"author":[{"embeddable":true,"href":"https:\/\/www.zorpack.com\/index.php\/wp-json\/wp\/v2\/users\/4327"}],"replies":[{"embeddable":true,"href":"https:\/\/www.zorpack.com\/index.php\/wp-json\/wp\/v2\/comments?post=3467"}],"version-history":[{"count":1,"href":"https:\/\/www.zorpack.com\/index.php\/wp-json\/wp\/v2\/pages\/3467\/revisions"}],"predecessor-version":[{"id":6480,"href":"https:\/\/www.zorpack.com\/index.php\/wp-json\/wp\/v2\/pages\/3467\/revisions\/6480"}],"wp:attachment":[{"href":"https:\/\/www.zorpack.com\/index.php\/wp-json\/wp\/v2\/media?parent=3467"}],"curies":[{"name":"wp","href":"https:\/\/api.w.org\/{rel}","templated":true}]}}