{"id":3235,"date":"2012-05-22T08:47:30","date_gmt":"2012-05-22T08:47:30","guid":{"rendered":"https:\/\/www.zorpack.com\/respaldo\/?page_id=4"},"modified":"2021-10-22T18:06:00","modified_gmt":"2021-10-22T16:06:00","slug":"inicio","status":"publish","type":"page","link":"https:\/\/www.zorpack.com\/","title":{"rendered":"Inicio"},"content":{"rendered":"\n<div class=\"wp-block-cb-carousel alignwide cb-single-slide cb-padding\" data-slick=\"{&quot;slidesToShow&quot;:1,&quot;slidesToScroll&quot;:1,&quot;speed&quot;:300,&quot;arrows&quot;:false,&quot;dots&quot;:true,&quot;autoplay&quot;:false,&quot;autoplaySpeed&quot;:5000,&quot;infinite&quot;:false,&quot;responsive&quot;:[{&quot;breakpoint&quot;:769,&quot;settings&quot;:{&quot;slidesToShow&quot;:1}}]}\">\n<div class=\"wp-block-cb-slide\">\n<div class=\"wp-block-image\"><figure class=\"aligncenter size-full\"><a href=\"https:\/\/www.zorpack.com\/index.php\/id\/\"><img loading=\"lazy\" width=\"1220\" height=\"484\" src=\"https:\/\/www.zorpack.com\/wp-content\/uploads\/2021\/09\/lideres-en-embalajes-es.jpg\" alt=\"\" class=\"wp-image-5993\" srcset=\"https:\/\/www.zorpack.com\/wp-content\/uploads\/2021\/09\/lideres-en-embalajes-es.jpg 1220w, https:\/\/www.zorpack.com\/wp-content\/uploads\/2021\/09\/lideres-en-embalajes-es-300x119.jpg 300w, https:\/\/www.zorpack.com\/wp-content\/uploads\/2021\/09\/lideres-en-embalajes-es-1024x406.jpg 1024w, https:\/\/www.zorpack.com\/wp-content\/uploads\/2021\/09\/lideres-en-embalajes-es-768x305.jpg 768w\" sizes=\"(max-width: 1220px) 100vw, 1220px\" \/><\/a><\/figure><\/div>\n<\/div>\n\n\n\n<div class=\"wp-block-cb-slide\">\n<div class=\"wp-block-image\"><figure class=\"aligncenter size-full\"><a href=\"https:\/\/www.zorpack.com\/index.php\/empresa\/\"><img loading=\"lazy\" width=\"1220\" height=\"484\" src=\"https:\/\/www.zorpack.com\/wp-content\/uploads\/2021\/01\/instalaciones-fabrica-es.jpg\" alt=\"instalaciones fabrica zorpack\" class=\"wp-image-5820\" srcset=\"https:\/\/www.zorpack.com\/wp-content\/uploads\/2021\/01\/instalaciones-fabrica-es.jpg 1220w, https:\/\/www.zorpack.com\/wp-content\/uploads\/2021\/01\/instalaciones-fabrica-es-300x119.jpg 300w, https:\/\/www.zorpack.com\/wp-content\/uploads\/2021\/01\/instalaciones-fabrica-es-1024x406.jpg 1024w, https:\/\/www.zorpack.com\/wp-content\/uploads\/2021\/01\/instalaciones-fabrica-es-768x305.jpg 768w\" sizes=\"(max-width: 1220px) 100vw, 1220px\" \/><\/a><\/figure><\/div>\n<\/div>\n\n\n\n<div class=\"wp-block-cb-slide\">\n<div class=\"wp-block-image\"><figure class=\"aligncenter size-full\"><a href=\"https:\/\/www.zorpack.com\/index.php\/portfolio\/\"><img loading=\"lazy\" width=\"1220\" height=\"484\" src=\"https:\/\/www.zorpack.com\/wp-content\/uploads\/2021\/05\/maquinas-para-todos-los-sectores-es.jpg\" alt=\"m\u00e1quinas para todos los sectores\" class=\"wp-image-5914\" srcset=\"https:\/\/www.zorpack.com\/wp-content\/uploads\/2021\/05\/maquinas-para-todos-los-sectores-es.jpg 1220w, https:\/\/www.zorpack.com\/wp-content\/uploads\/2021\/05\/maquinas-para-todos-los-sectores-es-300x119.jpg 300w, https:\/\/www.zorpack.com\/wp-content\/uploads\/2021\/05\/maquinas-para-todos-los-sectores-es-1024x406.jpg 1024w, https:\/\/www.zorpack.com\/wp-content\/uploads\/2021\/05\/maquinas-para-todos-los-sectores-es-768x305.jpg 768w\" sizes=\"(max-width: 1220px) 100vw, 1220px\" \/><\/a><\/figure><\/div>\n<\/div>\n\n\n\n<div class=\"wp-block-cb-slide\">\n<div class=\"wp-block-image\"><figure class=\"aligncenter size-full\"><a href=\"https:\/\/www.zorpack.com\/index.php\/portfolio\/\"><img loading=\"lazy\" width=\"1220\" height=\"484\" src=\"https:\/\/www.zorpack.com\/wp-content\/uploads\/2021\/05\/embalajes-para-sus-productos-es.jpg\" alt=\"embalajes para sus productos\" class=\"wp-image-5918\" srcset=\"https:\/\/www.zorpack.com\/wp-content\/uploads\/2021\/05\/embalajes-para-sus-productos-es.jpg 1220w, https:\/\/www.zorpack.com\/wp-content\/uploads\/2021\/05\/embalajes-para-sus-productos-es-300x119.jpg 300w, https:\/\/www.zorpack.com\/wp-content\/uploads\/2021\/05\/embalajes-para-sus-productos-es-1024x406.jpg 1024w, https:\/\/www.zorpack.com\/wp-content\/uploads\/2021\/05\/embalajes-para-sus-productos-es-768x305.jpg 768w\" sizes=\"(max-width: 1220px) 100vw, 1220px\" \/><\/a><\/figure><\/div>\n<\/div>\n<\/div>\n\n\n\n<div style=\"height:20px\" aria-hidden=\"true\" class=\"wp-block-spacer\"><\/div>\n\n\n\n<div class=\"wp-container-5 wp-block-group\"><div class=\"wp-block-group__inner-container\">\n<div class=\"wp-block-columns\">\n<div class=\"wp-block-column\">\n<div class=\"wp-container-1 wp-block-group servicios has-very-light-gray-background-color has-background\"><div class=\"wp-block-group__inner-container\">\n<div class=\"wp-block-image\"><figure class=\"aligncenter size-large\"><a href=\"https:\/\/www.zorpack.com\/index.php\/post-venta-ejemplar\/\"><img loading=\"lazy\" width=\"80\" height=\"80\" src=\"https:\/\/www.zorpack.com\/wp-content\/uploads\/2020\/09\/Mantenimiento.png\" alt=\"\" class=\"wp-image-140\"\/><\/a><\/figure><\/div>\n\n\n\n<p class=\"has-text-align-center\"><a href=\"https:\/\/www.zorpack.com\/index.php\/post-venta-ejemplar\/\" data-type=\"page\" data-id=\"2037\">Post venta ejemplar<\/a><\/p>\n<\/div><\/div>\n<\/div>\n\n\n\n<div class=\"wp-block-column\">\n<div class=\"wp-container-2 wp-block-group servicios has-very-light-gray-background-color has-background\"><div class=\"wp-block-group__inner-container\">\n<div class=\"wp-block-image\"><figure class=\"aligncenter size-large\"><a href=\"https:\/\/www.zorpack.com\/index.php\/materiales-constructivos-de-mercado\/\"><img loading=\"lazy\" width=\"80\" height=\"80\" src=\"https:\/\/www.zorpack.com\/wp-content\/uploads\/2020\/09\/Comp_estandard.png\" alt=\"\" class=\"wp-image-110\"\/><\/a><\/figure><\/div>\n\n\n\n<p class=\"has-text-align-center\"><a href=\"https:\/\/www.zorpack.com\/index.php\/post-venta-ejemplar\/\"><\/a><a href=\"https:\/\/www.zorpack.com\/index.php\/materiales-constructivos-de-mercado\/\" data-type=\"page\">Materiales constructivos de mercado<\/a><\/p>\n<\/div><\/div>\n<\/div>\n\n\n\n<div class=\"wp-block-column\">\n<div class=\"wp-container-3 wp-block-group servicios has-very-light-gray-background-color has-background\"><div class=\"wp-block-group__inner-container\">\n<div class=\"wp-block-image\"><figure class=\"aligncenter size-large\"><a href=\"https:\/\/www.zorpack.com\/index.php\/disenadas-y-construidas-a-medida-por-nosotros\/\"><img loading=\"lazy\" width=\"80\" height=\"80\" src=\"https:\/\/www.zorpack.com\/wp-content\/uploads\/2020\/09\/AMedida01.png\" alt=\"\" class=\"wp-image-107\"\/><\/a><\/figure><\/div>\n\n\n\n<p><a href=\"https:\/\/www.zorpack.com\/index.php\/disenadas-y-construidas-a-medida-por-nosotros\/\" data-type=\"page\" data-id=\"2051\">Dise\u00f1adas y construidas a medida por nosotros<\/a><\/p>\n<\/div><\/div>\n<\/div>\n\n\n\n<div class=\"wp-block-column\">\n<div class=\"wp-container-4 wp-block-group servicios has-very-light-gray-background-color has-background\"><div class=\"wp-block-group__inner-container\">\n<div class=\"wp-block-image\"><figure class=\"aligncenter size-large\"><a href=\"https:\/\/www.zorpack.com\/index.php\/id\/\"><img loading=\"lazy\" width=\"80\" height=\"80\" src=\"https:\/\/www.zorpack.com\/wp-content\/uploads\/2020\/09\/I_D01.png\" alt=\"\" class=\"wp-image-131\"\/><\/a><\/figure><\/div>\n\n\n\n<p class=\"has-text-align-center\"><a href=\"https:\/\/www.zorpack.com\/index.php\/id\/\" data-type=\"page\" data-id=\"2229\">Proyectos de I+D<\/a><\/p>\n<\/div><\/div>\n<\/div>\n<\/div>\n<\/div><\/div>\n\n\n\n<div style=\"height:40px\" aria-hidden=\"true\" class=\"wp-block-spacer\"><\/div>\n\n\n\n<hr class=\"wp-block-separator has-text-color has-background is-style-wide\" style=\"background-color:#0474be;color:#0474be\"\/>\n\n\n\n<div class=\"wp-block-media-text alignwide is-stacked-on-mobile\"><figure class=\"wp-block-media-text__media\"><img loading=\"lazy\" width=\"1024\" height=\"420\" src=\"https:\/\/www.zorpack.com\/wp-content\/uploads\/2021\/09\/AGRUPADOR-ENVOLVENTE-DIVISOR-TELESCOPICO-modelo-ZAWEP-PZT-25-1024x420.webp\" alt=\"M\u00e1quina agrupadora envolvente DIVISOR TELESCOPICO modelo ZAWEP-P+ZT-25\" class=\"wp-image-6156 size-full\" srcset=\"https:\/\/www.zorpack.com\/wp-content\/uploads\/2021\/09\/AGRUPADOR-ENVOLVENTE-DIVISOR-TELESCOPICO-modelo-ZAWEP-PZT-25-1024x420.webp 1024w, https:\/\/www.zorpack.com\/wp-content\/uploads\/2021\/09\/AGRUPADOR-ENVOLVENTE-DIVISOR-TELESCOPICO-modelo-ZAWEP-PZT-25-300x123.webp 300w, https:\/\/www.zorpack.com\/wp-content\/uploads\/2021\/09\/AGRUPADOR-ENVOLVENTE-DIVISOR-TELESCOPICO-modelo-ZAWEP-PZT-25-768x315.webp 768w, https:\/\/www.zorpack.com\/wp-content\/uploads\/2021\/09\/AGRUPADOR-ENVOLVENTE-DIVISOR-TELESCOPICO-modelo-ZAWEP-PZT-25.webp 1220w\" sizes=\"(max-width: 1024px) 100vw, 1024px\" \/><\/figure><div class=\"wp-block-media-text__content\">\n<h2 class=\"has-huge-font-size\">Dise\u00f1os a medida<\/h2>\n\n\n\n<p>Realizamos dise\u00f1os seg\u00fan las necesidades del cliente puedes acceder a nuestra galer\u00eda donde veras los nuevos modelos creados este a\u00f1o.<\/p>\n\n\n\n<div class=\"wp-container-6 wp-block-buttons\">\n<div class=\"wp-block-button\"><a class=\"wp-block-button__link has-background\" href=\"https:\/\/www.zorpack.com\/index.php\/pt-sort-categ\/nuevos-disenos\/\" style=\"background-color:#0474be\">Nuevos dise\u00f1os<\/a><\/div>\n<\/div>\n<\/div><\/div>\n\n\n\n<hr class=\"wp-block-separator has-text-color has-background is-style-wide\" style=\"background-color:#0474be;color:#0474be\"\/>\n\n\n\n<p class=\"has-text-align-center\" style=\"font-size:19px\">Expertos en embalaje secundario desde 1983<\/p>\n\n\n\n<p><a><img loading=\"lazy\" src=\"https:\/\/www.zorpack.com\/wp-content\/uploads\/2012\/05\/Bodegon.jpg\" alt=\"productos envalados\" class=\"aligncenter size-full wp-image-2167\" usemap=\"#image-map\" width=\"1150\" height=\"339\"><\/a><\/p>\n<!--<map name=\"image-map\">\n<area shape=\"rect\" coords=\"38,96,212,202\" alt=\"lavander\u00eda\" title=\"lavander\u00eda\" href=\"https:\/\/www.zorpack.com\/index.php\/pt-tags\/lavanderia\/\">\n<area shape=\"rect\" coords=\"214,65,300,127\" alt=\"conserva-vegetal\" title=\"conserva-vegetal\" href=\"https:\/\/www.zorpack.com\/index.php\/pt-tags\/conserva-vegetal\/\">\n<area shape=\"rect\" coords=\"307,42,368,125\" alt=\"conserva-vegetal\" title=\"conserva-vegetal\" href=\"https:\/\/www.zorpack.com\/index.php\/pt-tags\/conserva-vegetal\/\">\n<area shape=\"rect\" coords=\"349,202,500,268\" alt=\"conserva-vegetal\" title=\"conserva-vegetal\" href=\"https:\/\/www.zorpack.com\/index.php\/pt-tags\/conserva-vegetal\/\">\n<area shape=\"rect\" coords=\"196,264,271,289\" alt=\"conserva-vegetal\" title=\"conserva-vegetal\" href=\"https:\/\/www.zorpack.com\/index.php\/pt-tags\/conserva-vegetal\/\">\n<area shape=\"rect\" coords=\"283,264,357,292\" alt=\"conserva-vegetal\" title=\"conserva-vegetal\" href=\"https:\/\/www.zorpack.com\/index.php\/pt-tags\/conserva-vegetal\/\">\n<area shape=\"rect\" coords=\"391,266,484,298\" alt=\"aceitunas\" title=\"aceitunas\" href=\"https:\/\/www.zorpack.com\/index.php\/pt-tags\/aceitunas\/\">\n<area shape=\"rect\" coords=\"215,128,377,215\" alt=\"legumbres\" title=\"legumbres\" href=\"https:\/\/www.zorpack.com\/index.php\/pt-tags\/legumbres\/\">\n<area shape=\"rect\" coords=\"184,216,348,263\" alt=\"caf\u00e9\" title=\"caf\u00e9\" href=\"https:\/\/www.zorpack.com\/index.php\/pt-tags\/cafe\/\">\n<area shape=\"rect\" coords=\"651,262,710,294\" alt=\"conserva-vegetal\" title=\"conserva-vegetal\" href=\"https:\/\/www.zorpack.com\/index.php\/pt-tags\/conserva-vegetal\/\">\n<area shape=\"rect\" coords=\"513,229,605,287\" alt=\"aceitunas\" title=\"aceitunas\" href=\"https:\/\/www.zorpack.com\/index.php\/pt-tags\/aceitunas\/\">\n<area shape=\"rect\" coords=\"554,70,674,169\" alt=\"aceitunas\" title=\"aceitunas\" href=\"https:\/\/www.zorpack.com\/index.php\/pt-tags\/aceitunas\/\">\n<area shape=\"rect\" coords=\"608,222,652,289\" alt=\"conserva-vegetal\" title=\"conserva-vegetal\" href=\"https:\/\/www.zorpack.com\/index.php\/pt-tags\/conserva-vegetal\/\">\n<area shape=\"rect\" coords=\"52,232,179,281\" alt=\"conserva-vegetal\" title=\"conserva-vegetal\" href=\"https:\/\/www.zorpack.com\/index.php\/pt-tags\/conserva-vegetal\/\">\n<area shape=\"rect\" coords=\"697,64,824,137\" alt=\"l\u00e1cteo\" title=\"l\u00e1cteo\" href=\"https:\/\/www.zorpack.com\/index.php\/pt-tags\/lacteo\/\">\n<area shape=\"rect\" coords=\"551,168,662,221\" alt=\"conserva-vegetal\" title=\"conserva-vegetal\" href=\"https:\/\/www.zorpack.com\/index.php\/pt-tags\/conserva-vegetal\/\">\n<area shape=\"rect\" coords=\"851,190,940,296\" alt=\"agua\" title=\"agua\" href=\"https:\/\/www.zorpack.com\/index.php\/pt-tags\/agua\/\">\n<area shape=\"rect\" coords=\"954,203,1103,291\" alt=\"gaseosas\" title=\"gaseosas\" href=\"https:\/\/www.zorpack.com\/index.php\/pt-tags\/gaseosas\/\">\n<area shape=\"rect\" coords=\"656,203,728,263\" alt=\"bebidas alcoh\u00f3licas\" title=\"bebidas alcoh\u00f3licas\" href=\"https:\/\/www.zorpack.com\/index.php\/pt-tags\/bebidas-alcoholicas\/\">\n<area shape=\"rect\" coords=\"379,130,530,202\" alt=\"zumos\" title=\"zumos\" href=\"https:\/\/www.zorpack.com\/index.php\/pt-tags\/zumos\/\">\n<area shape=\"rect\" coords=\"960,49,1095,205\" alt=\"refrescos\" title=\"refrescos\" href=\"https:\/\/www.zorpack.com\/index.php\/pt-tags\/refrescos\/\">\n<area shape=\"rect\" coords=\"694,136,824,185\" alt=\"parabrisas\" title=\"parabrisas\" href=\"https:\/\/www.zorpack.com\/index.php\/pt-tags\/parabrisas\/\">\n<area shape=\"rect\" coords=\"732,188,843,218\" alt=\"helados\" title=\"helados\" href=\"https:\/\/www.zorpack.com\/index.php\/pt-tags\/helados\/\">\n<area shape=\"rect\" coords=\"816,221,849,288\" alt=\"helados\" title=\"helados\" href=\"https:\/\/www.zorpack.com\/index.php\/pt-tags\/helados\/\">\n<area shape=\"rect\" coords=\"726,218,740,286\" alt=\"helados\" title=\"helados\" href=\"https:\/\/www.zorpack.com\/index.php\/pt-tags\/helados\/\">\n<area shape=\"rect\" coords=\"829,63,949,188\" alt=\"sepiolita gatos\" title=\"sepiolita gatos\" href=\"https:\/\/www.zorpack.com\/index.php\/pt-tags\/sepiolita-gatos\/\">\n<area shape=\"rect\" coords=\"740,220,819,295\" alt=\"agua\" title=\"agua\" href=\"https:\/\/www.zorpack.com\/index.php\/pt-tags\/agua\/\">\n<area shape=\"rect\" coords=\"43,200,187,233\" alt=\"caf\u00e9\" title=\"caf\u00e9\" href=\"https:\/\/www.zorpack.com\/index.php\/pt-tags\/cafe\/\">\n<area shape=\"rect\" coords=\"409,53,507,130\" alt=\"conserva-vegetal\" title=\"conserva-vegetal\" href=\"https:\/\/www.zorpack.com\/index.php\/pt-tags\/conserva-vegetal\/\">\n<\/map>-->\n","protected":false},"excerpt":{"rendered":"<p>Post venta ejemplar Materiales constructivos de mercado Dise\u00f1adas y construidas a medida por nosotros Proyectos de I+D Expertos en embalaje secundario desde 1983<\/p>\n","protected":false},"author":4327,"featured_media":0,"parent":0,"menu_order":0,"comment_status":"closed","ping_status":"closed","template":"","meta":{"site-sidebar-layout":"no-sidebar","site-content-layout":"plain-container","ast-main-header-display":"","ast-hfb-above-header-display":"","ast-hfb-below-header-display":"","ast-hfb-mobile-header-display":"","site-post-title":"disabled","ast-breadcrumbs-content":"disabled","ast-featured-img":"","footer-sml-layout":"","theme-transparent-header-meta":"default","adv-header-id-meta":"","stick-header-meta":"","header-above-stick-meta":"","header-main-stick-meta":"","header-below-stick-meta":""},"_links":{"self":[{"href":"https:\/\/www.zorpack.com\/index.php\/wp-json\/wp\/v2\/pages\/3235"}],"collection":[{"href":"https:\/\/www.zorpack.com\/index.php\/wp-json\/wp\/v2\/pages"}],"about":[{"href":"https:\/\/www.zorpack.com\/index.php\/wp-json\/wp\/v2\/types\/page"}],"author":[{"embeddable":true,"href":"https:\/\/www.zorpack.com\/index.php\/wp-json\/wp\/v2\/users\/4327"}],"replies":[{"embeddable":true,"href":"https:\/\/www.zorpack.com\/index.php\/wp-json\/wp\/v2\/comments?post=3235"}],"version-history":[{"count":1,"href":"https:\/\/www.zorpack.com\/index.php\/wp-json\/wp\/v2\/pages\/3235\/revisions"}],"predecessor-version":[{"id":6475,"href":"https:\/\/www.zorpack.com\/index.php\/wp-json\/wp\/v2\/pages\/3235\/revisions\/6475"}],"wp:attachment":[{"href":"https:\/\/www.zorpack.com\/index.php\/wp-json\/wp\/v2\/media?parent=3235"}],"curies":[{"name":"wp","href":"https:\/\/api.w.org\/{rel}","templated":true}]}}