{"id":2037,"date":"2014-10-23T12:14:00","date_gmt":"2014-10-23T12:14:00","guid":{"rendered":"http:\/\/www.zorpack.com\/?page_id=2037"},"modified":"2021-10-22T18:40:09","modified_gmt":"2021-10-22T16:40:09","slug":"post-venta-ejemplar","status":"publish","type":"page","link":"https:\/\/www.zorpack.com\/index.php\/post-venta-ejemplar\/","title":{"rendered":"Post venta ejemplar"},"content":{"rendered":"\n<div class=\"wp-block-media-text alignwide has-media-on-the-right is-stacked-on-mobile is-image-fill\"><figure class=\"wp-block-media-text__media\" style=\"background-image:url(https:\/\/www.zorpack.com\/wp-content\/uploads\/2020\/09\/OFICINAS.jpg);background-position:50% 50%\"><img loading=\"lazy\" width=\"500\" height=\"562\" src=\"https:\/\/www.zorpack.com\/wp-content\/uploads\/2020\/09\/OFICINAS.jpg\" alt=\"Oficinas zorpack\" class=\"wp-image-146 size-full\" srcset=\"https:\/\/www.zorpack.com\/wp-content\/uploads\/2020\/09\/OFICINAS.jpg 500w, https:\/\/www.zorpack.com\/wp-content\/uploads\/2020\/09\/OFICINAS-267x300.jpg 267w\" sizes=\"(max-width: 500px) 100vw, 500px\" \/><\/figure><div class=\"wp-block-media-text__content\">\n<p><span class=\"dropcap2\">Z<\/span>orpack es una empresa de car\u00e1cter familiar, el compromiso que adoptamos tras la venta de una maquina con nuestros clientes es para toda una vida. El trato directo con los responsables de nuestra compa\u00f1\u00eda agiliza enormemente cualquier gesti\u00f3n, afrontando de inmediato los problemas que puedan surgir y aportando soluciones de manera eficiente.<br>Nuestro servicio es directo, cualquier cliente de Zorpack puede llamar a nuestras oficinas para que se le preste asistencia t\u00e9cnica especializada al instante v\u00eda telef\u00f3nica o por Skype en caso de que la m\u00e1quina se encuentre en el extranjero y no est\u00e9 conectado a nuestro servidor Web.<\/p>\n\n\n\n<blockquote class=\"wp-block-quote\"><p>Zorpack aportar\u00e1 soluciones de inmediato<\/p><\/blockquote>\n<\/div><\/div>\n\n\n\n<div style=\"height:60px\" aria-hidden=\"true\" class=\"wp-block-spacer\"><\/div>\n\n\n\n<div class=\"wp-block-media-text alignwide has-media-on-the-right is-stacked-on-mobile\"><figure class=\"wp-block-media-text__media\"><img loading=\"lazy\" width=\"653\" height=\"382\" src=\"https:\/\/www.zorpack.com\/wp-content\/uploads\/2020\/09\/TECNICOS-ZORPACK.jpg\" alt=\"grupo t\u00e9cnico de zorpack\" class=\"wp-image-149 size-full\" srcset=\"https:\/\/www.zorpack.com\/wp-content\/uploads\/2020\/09\/TECNICOS-ZORPACK.jpg 653w, https:\/\/www.zorpack.com\/wp-content\/uploads\/2020\/09\/TECNICOS-ZORPACK-300x175.jpg 300w\" sizes=\"(max-width: 653px) 100vw, 653px\" \/><\/figure><div class=\"wp-block-media-text__content\">\n<p>El personal t\u00e9cnico de Zorpack est\u00e1 preparado para desplazarse siempre que el cliente lo requiera, incluso fines de semana o d\u00edas festivos, siempre y cuando la actuaci\u00f3n-cliente lo requiera.<br>Nuestros fabricados trabajan por varias d\u00e9cadas, por lo que la situaci\u00f3n de nuestros clientes var\u00eda en funci\u00f3n de las necesidades que tengan en cada momento. Si un cliente solicita una modificaci\u00f3n (nuevos productos y formatos), ampliaci\u00f3n (reducci\u00f3n unidad de venta) o acondicionamiento de su m\u00e1quina antigua (cumplimiento de normativa CE); Zorpack aportar\u00e1 soluciones de inmediato.<br>Existe la posibilidad de contratar un servicio post venta anual en funci\u00f3n de las condiciones de cada compa\u00f1\u00eda, algunos de nuestros clientes solicitan esta opci\u00f3n debido a la gran cantidad de maquinaria Zorpack que disponen en sus f\u00e1bricas.<br>Ofrecemos la opci\u00f3n de instalar un Router en las m\u00e1quinas que permite realizar mantenimientos\/reformas\/ajustes online en tiempo real, adem\u00e1s de estar conectados a nuestro servidor Web las 24h del d\u00eda.<br>El servicio Post Venta de Zorpack est\u00e1 considerado por nuestros clientes como 5 estrellas, debido a nuestro compromiso, eficiencia y transparencia en las actuaciones que realizamos.<\/p>\n<\/div><\/div>\n","protected":false},"excerpt":{"rendered":"<p>orpack es una empresa de car\u00e1cter familiar, el compromiso que adoptamos tras la venta de una maquina con nuestros clientes es para toda una vida. El trato directo con los responsables de nuestra compa\u00f1\u00eda agiliza enormemente cualquier gesti\u00f3n, afrontando de inmediato los problemas que puedan surgir y aportando soluciones de manera eficiente.Nuestro servicio es directo, &hellip;<\/p>\n<p class=\"read-more\"> <a class=\"\" href=\"https:\/\/www.zorpack.com\/index.php\/post-venta-ejemplar\/\"> <span class=\"screen-reader-text\">Post venta ejemplar<\/span> Leer m\u00e1s &raquo;<\/a><\/p>\n","protected":false},"author":4327,"featured_media":0,"parent":0,"menu_order":0,"comment_status":"closed","ping_status":"closed","template":"","meta":{"site-sidebar-layout":"default","site-content-layout":"default","ast-main-header-display":"","ast-hfb-above-header-display":"","ast-hfb-below-header-display":"","ast-hfb-mobile-header-display":"","site-post-title":"","ast-breadcrumbs-content":"","ast-featured-img":"","footer-sml-layout":"","theme-transparent-header-meta":"default","adv-header-id-meta":"","stick-header-meta":"","header-above-stick-meta":"","header-main-stick-meta":"","header-below-stick-meta":""},"_links":{"self":[{"href":"https:\/\/www.zorpack.com\/index.php\/wp-json\/wp\/v2\/pages\/2037"}],"collection":[{"href":"https:\/\/www.zorpack.com\/index.php\/wp-json\/wp\/v2\/pages"}],"about":[{"href":"https:\/\/www.zorpack.com\/index.php\/wp-json\/wp\/v2\/types\/page"}],"author":[{"embeddable":true,"href":"https:\/\/www.zorpack.com\/index.php\/wp-json\/wp\/v2\/users\/4327"}],"replies":[{"embeddable":true,"href":"https:\/\/www.zorpack.com\/index.php\/wp-json\/wp\/v2\/comments?post=2037"}],"version-history":[{"count":1,"href":"https:\/\/www.zorpack.com\/index.php\/wp-json\/wp\/v2\/pages\/2037\/revisions"}],"predecessor-version":[{"id":6497,"href":"https:\/\/www.zorpack.com\/index.php\/wp-json\/wp\/v2\/pages\/2037\/revisions\/6497"}],"wp:attachment":[{"href":"https:\/\/www.zorpack.com\/index.php\/wp-json\/wp\/v2\/media?parent=2037"}],"curies":[{"name":"wp","href":"https:\/\/api.w.org\/{rel}","templated":true}]}}